{"id":11060,"date":"2025-08-24T16:14:08","date_gmt":"2025-08-24T14:14:08","guid":{"rendered":"https:\/\/krkavolley.si\/site\/?page_id=11060"},"modified":"2025-08-30T12:13:00","modified_gmt":"2025-08-30T10:13:00","slug":"clani-2025-26","status":"publish","type":"page","link":"https:\/\/krkavolley.si\/site\/clani-2025-26\/","title":{"rendered":"\u010clani 2025\/26"},"content":{"rendered":"\n<p class=\"has-text-align-center\">Mo\u0161ki odbojkarski klub Krka, \u010dlani &#8211; 2025\/26<\/p>\n\n\n\n<div class=\"narrow_visible\">\n\t<ul>\n\t\t<li><strong>1<\/strong> Travnik Mohor<\/li>\n\t\t<li><strong>2<\/strong> Medved Gal<\/li>\n\t\t<li><strong>3<\/strong> Erpi\u010d Grega<\/li>\n\t\t<li><strong>4<\/strong> O\u017ebalt Gregor<\/li>\n\t\t<li><strong>5<\/strong> Kosmina Martin (C)<\/li>\n\t\t<li><strong>6<\/strong> Pirnar Matija<\/li>\n\t\t<li><strong>7<\/strong> Bregar Miha<\/li>\n\t\t<li><strong>9<\/strong> Travnik Toni<\/li>\n\t\t<li><strong>10<\/strong> Drobni\u010d Rok<\/li>\n\t\t<li><strong>11<\/strong> Koncilja Danijel<\/li>\n\t\t<li><strong>13<\/strong> Mejal Primo\u017e<\/li>\t\t\t\n\t\t<li><strong>14<\/strong> Lindi\u010d Luka<\/li>\n\t\t<li><strong>17<\/strong> Drobni\u010d Sergej<\/li>\n\t\t<li><strong>23<\/strong> Rojnik Matic<\/li>\n\t\t<li><strong>24<\/strong> Bregar Peter<\/li>\n\t\t<li><strong>25<\/strong> Musizza Jo\u0161t<\/li>\n\t\t<li><strong>trener:<\/strong> Mi\u0161in Tomislav<\/li>\n\t\t<li><strong>pom. trener:<\/strong> Milo\u0161evi\u0107 Ivan<\/li>\n\t\t<li><strong>kond. trener:<\/strong> Radakovi\u0107 Josip<\/li>\n\t\t<li><strong>fizioterapevt<\/strong> Borin An\u017ee<\/li>\n\t\t<li><strong>statistik:<\/strong> Ambro\u017e \u010copi<\/li>\n\t<\/ul>\n<\/div>\n\n\n\n<div class=\"wide_visible\">\n\t<table style=\"white-space: nowrap; padding-left: 2px; font-size: 70%\">\n\t\t<tbody>\n\t\t\t<tr>\n\t\t\t\t<td>\n\t\t\t\t\t<strong>&nbsp;#&nbsp;<\/strong>\n\t\t\t\t<\/td>\n\t\t\t\t<td>\n\t\t\t\t\t<strong>Priimek in ime<\/strong>\n\t\t\t\t<\/td>\n\t\t\t\t<td>\n\t\t\t\t\t<strong>Igralno mesto<\/strong>\n\t\t\t\t<\/td>\n\t\t\t\t<td>\n\t\t\t\t\t<strong>Leto rojstva<\/strong>\n\t\t\t\t<\/td>\n\t\t\t\t<td>\n\t\t\t\t\t<strong>Vi\u0161ina (cm)<\/strong>\n\t\t\t\t<\/td>\n\t\t\t\t<td>\n\t\t\t\t\t<strong>Napad (cm)<\/strong>\n\t\t\t\t<\/td>\n\t\t\t\t<td>\n\t\t\t\t\t<strong>Blok (cm)<\/strong>\n\t\t\t\t<\/td>\n\t\t\t<\/tr>\n\t\t\t<tr>\n\t\t\t\t<td>1<\/td>\n\t\t\t\t<td>Travnik Mohor<\/td>\n\t\t\t\t<td>libero<\/td>\n\t\t\t\t<td>2004<\/td>\n\t\t\t\t<td>178<\/td>\n\t\t\t\t<td>&#8211;<\/td>\n\t\t\t\t<td>&#8211;<\/td>\n\t\t\t<\/tr>\n\t\t\t<tr>\n\t\t\t\t<td>2<\/td>\n\t\t\t\t<td>Medved Gal<\/td>\n\t\t\t\t<td>bloker<\/td>\n\t\t\t\t<td>2007<\/td>\n\t\t\t\t<td>200<\/td>\n\t\t\t\t<td>355<\/td>\n\t\t\t\t<td>260<\/td>\n\t\t\t<\/tr>\n\t\t\t<tr>\n\t\t\t\t<td>3<\/td>\n\t\t\t\t<td>Erpi\u010d Grega<\/td>\n\t\t\t\t<td>bloker<\/td>\n\t\t\t\t<td>1991<\/td>\n\t\t\t\t<td>197<\/td>\n\t\t\t\t<td>345<\/td>\n\t\t\t\t<td>250<\/td>\n\t\t\t<\/tr>\n\t\t\t<tr>\n\t\t\t\t<td>4<\/td>\n\t\t\t\t<td>O\u017ebalt Gregor<\/td>\n\t\t\t\t<td>libero<\/td>\n\t\t\t\t<td>1992<\/td>\n\t\t\t\t<td>182<\/td>\n\t\t\t\t<td>&#8211;<\/td>\n\t\t\t\t<td>&#8211;<\/td>\n\t\t\t<\/tr>\t\t\t\n\t\t\t<tr>\n\t\t\t\t<td>5<\/td>\n\t\t\t\t<td>Kosmina Martin<\/td>\n\t\t\t\t<td>sprejemalec<\/td>\n\t\t\t\t<td>1991<\/td>\n\t\t\t\t<td>191<\/td>\n\t\t\t\t<td>350<\/td>\n\t\t\t\t<td>250<\/td>\n\t\t\t<\/tr>\n\t\t\t<tr>\n\t\t\t\t<td>6<\/td>\n\t\t\t\t<td>Pirnar Matija<\/td>\n\t\t\t\t<td>podajalec<\/td>\n\t\t\t\t<td>2008<\/td>\n\t\t\t\t<td>180<\/td>\n\t\t\t\t<td>&#8211;<\/td>\n\t\t\t\t<td>&#8211;<\/td>\n\t\t\t<\/tr>\n\t\t\t<tr>\n\t\t\t\t<td>7<\/td>\n\t\t\t\t<td>Bregar Miha<\/td>\n\t\t\t\t<td>korektor<\/td>\n\t\t\t\t<td>1993<\/td>\n\t\t\t\t<td>200<\/td>\n\t\t\t\t<td>355<\/td>\n\t\t\t\t<td>255<\/td>\n\t\t\t<\/tr>\n\t\t\t<tr>\n\t\t\t\t<td>9<\/td>\n\t\t\t\t<td>Travnik Toni<\/td>\n\t\t\t\t<td>sprejemalec<\/td>\n\t\t\t\t<td>2002<\/td>\n\t\t\t\t<td>190<\/td>\n\t\t\t\t<td>&#8211;<\/td>\n\t\t\t\t<td>&#8211;<\/td>\n\t\t\t<\/tr>\n\t\t\t<tr>\n\t\t\t\t<td>10<\/td>\n\t\t\t\t<td>Drobni\u010d Rok<\/td>\n\t\t\t\t<td>korektor<\/td>\n\t\t\t\t<td>2006<\/td>\n\t\t\t\t<td>182<\/td>\n\t\t\t\t<td>&#8211;<\/td>\n\t\t\t\t<td>&#8211;<\/td>\n\t\t\t<\/tr>\n\t\t\t<tr>\n\t\t\t\t<td>11<\/td>\n\t\t\t\t<td>Koncilja Danijel<\/td>\n\t\t\t\t<td>korektor<\/td>\n\t\t\t\t<td>1990<\/td>\n\t\t\t\t<td>201<\/td>\n\t\t\t\t<td>&#8211;<\/td>\n\t\t\t\t<td>&#8211;<\/td>\n\t\t\t<\/tr>\n\t\t\t<tr>\n\t\t\t\t<td>13<\/td>\n\t\t\t\t<td>Mejal Primo\u017e<\/td>\n\t\t\t\t<td>podajalec<\/td>\n\t\t\t\t<td>1998<\/td>\n\t\t\t\t<td>200<\/td>\n\t\t\t\t<td>&#8211;<\/td>\n\t\t\t\t<td>&#8211;<\/td>\n\t\t\t<\/tr>\n\t\t\t<tr>\n\t\t\t\t<td>14<\/td>\n\t\t\t\t<td>Lindi\u010d Luka<\/td>\n\t\t\t\t<td>bloker<\/td>\n\t\t\t\t<td>1998<\/td>\n\t\t\t\t<td>200<\/td>\n\t\t\t\t<td>345<\/td>\n\t\t\t\t<td>260<\/td>\n\t\t\t<\/tr>\n\t\t\t<tr>\n\t\t\t\t<td>17<\/td>\n\t\t\t\t<td>Drobni\u010d Sergej<\/td>\n\t\t\t\t<td>sprejemalec<\/td>\n\t\t\t\t<td>1995<\/td>\n\t\t\t\t<td>194<\/td>\n\t\t\t\t<td>&#8211;<\/td>\n\t\t\t\t<td>&#8211;<\/td>\n\t\t\t<\/tr>\n\t\t\t<tr>\n\t\t\t\t<td>23<\/td>\n\t\t\t\t<td>Rojnik Matic<\/td>\n\t\t\t\t<td>sprejemalec<\/td>\n\t\t\t\t<td>2000<\/td>\n\t\t\t\t<td>198<\/td>\n\t\t\t\t<td>345<\/td>\n\t\t\t\t<td>255<\/td>\n\t\t\t<\/tr>\n\t\t\t<tr>\n\t\t\t\t<td>24<\/td>\n\t\t\t\t<td>Bregar Peter<\/td>\n\t\t\t\t<td>sprejemalec<\/td>\n\t\t\t\t<td>2009<\/td>\n\t\t\t\t<td>186<\/td>\n\t\t\t\t<td>&#8211;<\/td>\n\t\t\t\t<td>&#8211;<\/td>\n\t\t\t<\/tr>\n\t\t\t<tr>\n\t\t\t\t<td>25<\/td>\n\t\t\t\t<td>Musizza Jo\u0161t<\/td>\n\t\t\t\t<td>bloker<\/td>\n\t\t\t\t<td>2006<\/td>\n\t\t\t\t<td>195<\/td>\n\t\t\t\t<td>&#8211;<\/td>\n\t\t\t\t<td>&#8211;<\/td>\n\t\t\t<\/tr>\n\t\t\t<tr>\n\t\t\t\t<td>&nbsp;<\/td>\n\t\t\t\t<td>\n\t\t\t\t\t<strong>Mi\u0161in Tomislav<\/strong>\n\t\t\t\t<\/td>\n\t\t\t\t<td> trener<\/td>\n\t\t\t\t<td>&nbsp;<\/td>\n\t\t\t\t<td>&nbsp;<\/td>\n\t\t\t\t<td>&nbsp;<\/td>\n\t\t\t\t<td>&nbsp;<\/td>\n\t\t\t<\/tr>\n\t\t\t<tr>\n\t\t\t\t<td>&nbsp;<\/td>\n\t\t\t\t<td>\n\t\t\t\t\t<strong>Milo\u0161evi\u0107 Ivan<\/strong>\n\t\t\t\t<\/td>\n\t\t\t\t<td> pomo\u010dnik trenerja<\/td>\n\t\t\t\t<td>&nbsp;<\/td>\n\t\t\t\t<td>&nbsp;<\/td>\n\t\t\t\t<td>&nbsp;<\/td>\n\t\t\t\t<td>&nbsp;<\/td>\n\t\t\t<\/tr>\n\t\t\t<tr>\n\t\t\t\t<td>&nbsp;<\/td>\n\t\t\t\t<td>\n\t\t\t\t\t<strong>Radakovi\u0107 Josip<\/strong>\n\t\t\t\t<\/td>\n\t\t\t\t<td>kondicijski trener<\/td>\n\t\t\t\t<td>&nbsp;<\/td>\n\t\t\t\t<td>&nbsp;<\/td>\n\t\t\t\t<td>&nbsp;<\/td>\n\t\t\t\t<td>&nbsp;<\/td>\n\t\t\t<\/tr>\n\t\t\t<tr>\n\t\t\t\t<td>&nbsp;<\/td>\n\t\t\t\t<td>\n\t\t\t\t\t<strong>Borin An\u017ee<\/strong>\n\t\t\t\t<\/td>\n\t\t\t\t<td>fizioterapevt<\/td>\n\t\t\t\t<td>&nbsp;<\/td>\n\t\t\t\t<td>&nbsp;<\/td>\n\t\t\t\t<td>&nbsp;<\/td>\n\t\t\t\t<td>&nbsp;<\/td>\n\t\t\t<\/tr>\n\t\t\t<tr>\n\t\t\t\t<td>&nbsp;<\/td>\n\t\t\t\t<td>\n\t\t\t\t\t<strong>Ambro\u017e \u010copi<\/strong>\n\t\t\t\t<\/td>\n\t\t\t\t<td>statistik<\/td>\n\t\t\t\t<td>&nbsp;<\/td>\n\t\t\t\t<td>&nbsp;<\/td>\n\t\t\t\t<td>&nbsp;<\/td>\n\t\t\t\t<td>&nbsp;<\/td>\n\t\t\t<\/tr>\n\t\t<\/tbody>\n\t<\/table>\n<\/div>\n","protected":false},"excerpt":{"rendered":"<p>Mo\u0161ki odbojkarski klub Krka, \u010dlani &#8211; 2025\/26 1 Travnik Mohor 2 Medved Gal 3 Erpi\u010d Grega 4 O\u017ebalt Gregor 5 Kosmina Martin (C) 6 Pirnar Matija 7 Bregar Miha 9&hellip; <\/p>\n<p class=\"chuchadon-read-more\"><a href=\"https:\/\/krkavolley.si\/site\/clani-2025-26\/\" class=\"more-link\">Beri dalje&#8230;<\/a><\/p>\n","protected":false},"author":1,"featured_media":0,"parent":0,"menu_order":0,"comment_status":"closed","ping_status":"closed","template":"","meta":{"footnotes":""},"class_list":["post-11060","page","type-page","status-publish","entry"],"yoast_head":"<!-- This site is optimized with the Yoast SEO plugin v26.6 - https:\/\/yoast.com\/wordpress\/plugins\/seo\/ -->\n<title>\u010clani 2025\/26 - Mo\u0161ki odbojkarski klub Krka<\/title>\n<meta name=\"robots\" content=\"index, follow, max-snippet:-1, max-image-preview:large, max-video-preview:-1\" \/>\n<link rel=\"canonical\" href=\"https:\/\/krkavolley.si\/site\/clani-2025-26\/\" \/>\n<meta property=\"og:locale\" content=\"sl_SI\" \/>\n<meta property=\"og:type\" content=\"article\" \/>\n<meta property=\"og:title\" content=\"\u010clani 2025\/26 - Mo\u0161ki odbojkarski klub Krka\" \/>\n<meta property=\"og:description\" content=\"Mo\u0161ki odbojkarski klub Krka, \u010dlani &#8211; 2025\/26 1 Travnik Mohor 2 Medved Gal 3 Erpi\u010d Grega 4 O\u017ebalt Gregor 5 Kosmina Martin (C) 6 Pirnar Matija 7 Bregar Miha 9&hellip; Beri dalje...\" \/>\n<meta property=\"og:url\" content=\"https:\/\/krkavolley.si\/site\/clani-2025-26\/\" \/>\n<meta property=\"og:site_name\" content=\"Mo\u0161ki odbojkarski klub Krka\" \/>\n<meta property=\"article:publisher\" content=\"https:\/\/www.facebook.com\/krkavolley\/\" \/>\n<meta property=\"article:modified_time\" content=\"2025-08-30T10:13:00+00:00\" \/>\n<meta name=\"twitter:card\" content=\"summary_large_image\" \/>\n<meta name=\"twitter:label1\" content=\"Est. reading time\" \/>\n\t<meta name=\"twitter:data1\" content=\"2 minuti\" \/>\n<script type=\"application\/ld+json\" class=\"yoast-schema-graph\">{\"@context\":\"https:\/\/schema.org\",\"@graph\":[{\"@type\":\"WebPage\",\"@id\":\"https:\/\/krkavolley.si\/site\/clani-2025-26\/\",\"url\":\"https:\/\/krkavolley.si\/site\/clani-2025-26\/\",\"name\":\"\u010clani 2025\/26 - Mo\u0161ki odbojkarski klub Krka\",\"isPartOf\":{\"@id\":\"https:\/\/krkavolley.si\/site\/#website\"},\"datePublished\":\"2025-08-24T14:14:08+00:00\",\"dateModified\":\"2025-08-30T10:13:00+00:00\",\"breadcrumb\":{\"@id\":\"https:\/\/krkavolley.si\/site\/clani-2025-26\/#breadcrumb\"},\"inLanguage\":\"sl-SI\",\"potentialAction\":[{\"@type\":\"ReadAction\",\"target\":[\"https:\/\/krkavolley.si\/site\/clani-2025-26\/\"]}]},{\"@type\":\"BreadcrumbList\",\"@id\":\"https:\/\/krkavolley.si\/site\/clani-2025-26\/#breadcrumb\",\"itemListElement\":[{\"@type\":\"ListItem\",\"position\":1,\"name\":\"Home\",\"item\":\"https:\/\/krkavolley.si\/site\/\"},{\"@type\":\"ListItem\",\"position\":2,\"name\":\"\u010clani 2025\/26\"}]},{\"@type\":\"WebSite\",\"@id\":\"https:\/\/krkavolley.si\/site\/#website\",\"url\":\"https:\/\/krkavolley.si\/site\/\",\"name\":\"Mo\u0161ki odbojkarski klub Krka\",\"description\":\"Novo mesto\",\"publisher\":{\"@id\":\"https:\/\/krkavolley.si\/site\/#organization\"},\"potentialAction\":[{\"@type\":\"SearchAction\",\"target\":{\"@type\":\"EntryPoint\",\"urlTemplate\":\"https:\/\/krkavolley.si\/site\/?s={search_term_string}\"},\"query-input\":{\"@type\":\"PropertyValueSpecification\",\"valueRequired\":true,\"valueName\":\"search_term_string\"}}],\"inLanguage\":\"sl-SI\"},{\"@type\":\"Organization\",\"@id\":\"https:\/\/krkavolley.si\/site\/#organization\",\"name\":\"Mo\u0161ki odbojkarski klub Krka\",\"url\":\"https:\/\/krkavolley.si\/site\/\",\"logo\":{\"@type\":\"ImageObject\",\"inLanguage\":\"sl-SI\",\"@id\":\"https:\/\/krkavolley.si\/site\/#\/schema\/logo\/image\/\",\"url\":\"https:\/\/krkavolley.si\/site\/wp-content\/uploads\/2017\/03\/mok_krka_squared.jpg\",\"contentUrl\":\"https:\/\/krkavolley.si\/site\/wp-content\/uploads\/2017\/03\/mok_krka_squared.jpg\",\"width\":500,\"height\":500,\"caption\":\"Mo\u0161ki odbojkarski klub Krka\"},\"image\":{\"@id\":\"https:\/\/krkavolley.si\/site\/#\/schema\/logo\/image\/\"},\"sameAs\":[\"https:\/\/www.facebook.com\/krkavolley\/\",\"https:\/\/www.youtube.com\/channel\/UC-9mw6XzAdOheQVW-nJxBDg\"]}]}<\/script>\n<!-- \/ Yoast SEO plugin. -->","yoast_head_json":{"title":"\u010clani 2025\/26 - Mo\u0161ki odbojkarski klub Krka","robots":{"index":"index","follow":"follow","max-snippet":"max-snippet:-1","max-image-preview":"max-image-preview:large","max-video-preview":"max-video-preview:-1"},"canonical":"https:\/\/krkavolley.si\/site\/clani-2025-26\/","og_locale":"sl_SI","og_type":"article","og_title":"\u010clani 2025\/26 - Mo\u0161ki odbojkarski klub Krka","og_description":"Mo\u0161ki odbojkarski klub Krka, \u010dlani &#8211; 2025\/26 1 Travnik Mohor 2 Medved Gal 3 Erpi\u010d Grega 4 O\u017ebalt Gregor 5 Kosmina Martin (C) 6 Pirnar Matija 7 Bregar Miha 9&hellip; Beri dalje...","og_url":"https:\/\/krkavolley.si\/site\/clani-2025-26\/","og_site_name":"Mo\u0161ki odbojkarski klub Krka","article_publisher":"https:\/\/www.facebook.com\/krkavolley\/","article_modified_time":"2025-08-30T10:13:00+00:00","twitter_card":"summary_large_image","twitter_misc":{"Est. reading time":"2 minuti"},"schema":{"@context":"https:\/\/schema.org","@graph":[{"@type":"WebPage","@id":"https:\/\/krkavolley.si\/site\/clani-2025-26\/","url":"https:\/\/krkavolley.si\/site\/clani-2025-26\/","name":"\u010clani 2025\/26 - Mo\u0161ki odbojkarski klub Krka","isPartOf":{"@id":"https:\/\/krkavolley.si\/site\/#website"},"datePublished":"2025-08-24T14:14:08+00:00","dateModified":"2025-08-30T10:13:00+00:00","breadcrumb":{"@id":"https:\/\/krkavolley.si\/site\/clani-2025-26\/#breadcrumb"},"inLanguage":"sl-SI","potentialAction":[{"@type":"ReadAction","target":["https:\/\/krkavolley.si\/site\/clani-2025-26\/"]}]},{"@type":"BreadcrumbList","@id":"https:\/\/krkavolley.si\/site\/clani-2025-26\/#breadcrumb","itemListElement":[{"@type":"ListItem","position":1,"name":"Home","item":"https:\/\/krkavolley.si\/site\/"},{"@type":"ListItem","position":2,"name":"\u010clani 2025\/26"}]},{"@type":"WebSite","@id":"https:\/\/krkavolley.si\/site\/#website","url":"https:\/\/krkavolley.si\/site\/","name":"Mo\u0161ki odbojkarski klub Krka","description":"Novo mesto","publisher":{"@id":"https:\/\/krkavolley.si\/site\/#organization"},"potentialAction":[{"@type":"SearchAction","target":{"@type":"EntryPoint","urlTemplate":"https:\/\/krkavolley.si\/site\/?s={search_term_string}"},"query-input":{"@type":"PropertyValueSpecification","valueRequired":true,"valueName":"search_term_string"}}],"inLanguage":"sl-SI"},{"@type":"Organization","@id":"https:\/\/krkavolley.si\/site\/#organization","name":"Mo\u0161ki odbojkarski klub Krka","url":"https:\/\/krkavolley.si\/site\/","logo":{"@type":"ImageObject","inLanguage":"sl-SI","@id":"https:\/\/krkavolley.si\/site\/#\/schema\/logo\/image\/","url":"https:\/\/krkavolley.si\/site\/wp-content\/uploads\/2017\/03\/mok_krka_squared.jpg","contentUrl":"https:\/\/krkavolley.si\/site\/wp-content\/uploads\/2017\/03\/mok_krka_squared.jpg","width":500,"height":500,"caption":"Mo\u0161ki odbojkarski klub Krka"},"image":{"@id":"https:\/\/krkavolley.si\/site\/#\/schema\/logo\/image\/"},"sameAs":["https:\/\/www.facebook.com\/krkavolley\/","https:\/\/www.youtube.com\/channel\/UC-9mw6XzAdOheQVW-nJxBDg"]}]}},"_links":{"self":[{"href":"https:\/\/krkavolley.si\/site\/wp-json\/wp\/v2\/pages\/11060","targetHints":{"allow":["GET"]}}],"collection":[{"href":"https:\/\/krkavolley.si\/site\/wp-json\/wp\/v2\/pages"}],"about":[{"href":"https:\/\/krkavolley.si\/site\/wp-json\/wp\/v2\/types\/page"}],"author":[{"embeddable":true,"href":"https:\/\/krkavolley.si\/site\/wp-json\/wp\/v2\/users\/1"}],"replies":[{"embeddable":true,"href":"https:\/\/krkavolley.si\/site\/wp-json\/wp\/v2\/comments?post=11060"}],"version-history":[{"count":3,"href":"https:\/\/krkavolley.si\/site\/wp-json\/wp\/v2\/pages\/11060\/revisions"}],"predecessor-version":[{"id":11089,"href":"https:\/\/krkavolley.si\/site\/wp-json\/wp\/v2\/pages\/11060\/revisions\/11089"}],"wp:attachment":[{"href":"https:\/\/krkavolley.si\/site\/wp-json\/wp\/v2\/media?parent=11060"}],"curies":[{"name":"wp","href":"https:\/\/api.w.org\/{rel}","templated":true}]}}