{"id":5289,"date":"2017-05-28T13:36:38","date_gmt":"2017-05-28T11:36:38","guid":{"rendered":"https:\/\/krkavolley.si\/site\/?page_id=5289"},"modified":"2025-02-11T18:40:39","modified_gmt":"2025-02-11T17:40:39","slug":"organizacija","status":"publish","type":"page","link":"https:\/\/krkavolley.si\/site\/organizacija\/","title":{"rendered":"Organizacija"},"content":{"rendered":"<p><strong>UPRAVNI ODBOR<\/strong><\/p>\n<ul>\n<li><strong>Predsednik:<\/strong> dr. Ale\u0161 Hvala<\/li>\n<li><strong>Podpredsednik:<\/strong> Ivo Kastrevec<\/li>\n<li><strong>\u010clan:<\/strong> Gorazd Kosmina<\/li>\n<\/ul>\n<p><strong>NADZORNI ODBOR<\/strong><\/p>\n<ul>\n<li><strong>Predsednik:<\/strong> Vojko Gri\u010dar<\/li>\n<li><strong>\u010clani:<\/strong> Grega Erpi\u010d<\/li>\n<\/ul>\n<p><strong>DISCIPLINSKA KOMISIJA<\/strong><\/p>\n<ul>\n<li><strong>Predsednik:<\/strong> Dare Medved<\/li>\n<li><strong>\u010clani:<\/strong> Martin Kosmina, Ivan Milo\u0161evi\u0107<\/li>\n<\/ul>\n","protected":false},"excerpt":{"rendered":"<p>UPRAVNI ODBOR Predsednik: dr. Ale\u0161 Hvala Podpredsednik: Ivo Kastrevec \u010clan: Gorazd Kosmina NADZORNI ODBOR Predsednik: Vojko Gri\u010dar \u010clani: Grega Erpi\u010d DISCIPLINSKA KOMISIJA Predsednik: Dare Medved \u010clani: Martin Kosmina, Ivan Milo\u0161evi\u0107<\/p>\n","protected":false},"author":1,"featured_media":0,"parent":0,"menu_order":0,"comment_status":"closed","ping_status":"closed","template":"pages\/single.php","meta":{"footnotes":""},"class_list":["post-5289","page","type-page","status-publish","entry"],"yoast_head":"<!-- This site is optimized with the Yoast SEO plugin v26.6 - https:\/\/yoast.com\/wordpress\/plugins\/seo\/ -->\n<title>Organizacija - Mo\u0161ki odbojkarski klub Krka<\/title>\n<meta name=\"robots\" content=\"index, follow, max-snippet:-1, max-image-preview:large, max-video-preview:-1\" \/>\n<link rel=\"canonical\" href=\"https:\/\/krkavolley.si\/site\/organizacija\/\" \/>\n<meta property=\"og:locale\" content=\"sl_SI\" \/>\n<meta property=\"og:type\" content=\"article\" \/>\n<meta property=\"og:title\" content=\"Organizacija - Mo\u0161ki odbojkarski klub Krka\" \/>\n<meta property=\"og:description\" content=\"UPRAVNI ODBOR Predsednik: dr. Ale\u0161 Hvala Podpredsednik: Ivo Kastrevec \u010clan: Gorazd Kosmina NADZORNI ODBOR Predsednik: Vojko Gri\u010dar \u010clani: Grega Erpi\u010d DISCIPLINSKA KOMISIJA Predsednik: Dare Medved \u010clani: Martin Kosmina, Ivan Milo\u0161evi\u0107\" \/>\n<meta property=\"og:url\" content=\"https:\/\/krkavolley.si\/site\/organizacija\/\" \/>\n<meta property=\"og:site_name\" content=\"Mo\u0161ki odbojkarski klub Krka\" \/>\n<meta property=\"article:publisher\" content=\"https:\/\/www.facebook.com\/krkavolley\/\" \/>\n<meta property=\"article:modified_time\" content=\"2025-02-11T17:40:39+00:00\" \/>\n<meta name=\"twitter:card\" content=\"summary_large_image\" \/>\n<meta name=\"twitter:label1\" content=\"Est. reading time\" \/>\n\t<meta name=\"twitter:data1\" content=\"1 minuta\" \/>\n<script type=\"application\/ld+json\" class=\"yoast-schema-graph\">{\"@context\":\"https:\/\/schema.org\",\"@graph\":[{\"@type\":\"WebPage\",\"@id\":\"https:\/\/krkavolley.si\/site\/organizacija\/\",\"url\":\"https:\/\/krkavolley.si\/site\/organizacija\/\",\"name\":\"Organizacija - Mo\u0161ki odbojkarski klub Krka\",\"isPartOf\":{\"@id\":\"https:\/\/krkavolley.si\/site\/#website\"},\"datePublished\":\"2017-05-28T11:36:38+00:00\",\"dateModified\":\"2025-02-11T17:40:39+00:00\",\"breadcrumb\":{\"@id\":\"https:\/\/krkavolley.si\/site\/organizacija\/#breadcrumb\"},\"inLanguage\":\"sl-SI\",\"potentialAction\":[{\"@type\":\"ReadAction\",\"target\":[\"https:\/\/krkavolley.si\/site\/organizacija\/\"]}]},{\"@type\":\"BreadcrumbList\",\"@id\":\"https:\/\/krkavolley.si\/site\/organizacija\/#breadcrumb\",\"itemListElement\":[{\"@type\":\"ListItem\",\"position\":1,\"name\":\"Home\",\"item\":\"https:\/\/krkavolley.si\/site\/\"},{\"@type\":\"ListItem\",\"position\":2,\"name\":\"Organizacija\"}]},{\"@type\":\"WebSite\",\"@id\":\"https:\/\/krkavolley.si\/site\/#website\",\"url\":\"https:\/\/krkavolley.si\/site\/\",\"name\":\"Mo\u0161ki odbojkarski klub Krka\",\"description\":\"Novo mesto\",\"publisher\":{\"@id\":\"https:\/\/krkavolley.si\/site\/#organization\"},\"potentialAction\":[{\"@type\":\"SearchAction\",\"target\":{\"@type\":\"EntryPoint\",\"urlTemplate\":\"https:\/\/krkavolley.si\/site\/?s={search_term_string}\"},\"query-input\":{\"@type\":\"PropertyValueSpecification\",\"valueRequired\":true,\"valueName\":\"search_term_string\"}}],\"inLanguage\":\"sl-SI\"},{\"@type\":\"Organization\",\"@id\":\"https:\/\/krkavolley.si\/site\/#organization\",\"name\":\"Mo\u0161ki odbojkarski klub Krka\",\"url\":\"https:\/\/krkavolley.si\/site\/\",\"logo\":{\"@type\":\"ImageObject\",\"inLanguage\":\"sl-SI\",\"@id\":\"https:\/\/krkavolley.si\/site\/#\/schema\/logo\/image\/\",\"url\":\"https:\/\/krkavolley.si\/site\/wp-content\/uploads\/2017\/03\/mok_krka_squared.jpg\",\"contentUrl\":\"https:\/\/krkavolley.si\/site\/wp-content\/uploads\/2017\/03\/mok_krka_squared.jpg\",\"width\":500,\"height\":500,\"caption\":\"Mo\u0161ki odbojkarski klub Krka\"},\"image\":{\"@id\":\"https:\/\/krkavolley.si\/site\/#\/schema\/logo\/image\/\"},\"sameAs\":[\"https:\/\/www.facebook.com\/krkavolley\/\",\"https:\/\/www.youtube.com\/channel\/UC-9mw6XzAdOheQVW-nJxBDg\"]}]}<\/script>\n<!-- \/ Yoast SEO plugin. -->","yoast_head_json":{"title":"Organizacija - Mo\u0161ki odbojkarski klub Krka","robots":{"index":"index","follow":"follow","max-snippet":"max-snippet:-1","max-image-preview":"max-image-preview:large","max-video-preview":"max-video-preview:-1"},"canonical":"https:\/\/krkavolley.si\/site\/organizacija\/","og_locale":"sl_SI","og_type":"article","og_title":"Organizacija - Mo\u0161ki odbojkarski klub Krka","og_description":"UPRAVNI ODBOR Predsednik: dr. Ale\u0161 Hvala Podpredsednik: Ivo Kastrevec \u010clan: Gorazd Kosmina NADZORNI ODBOR Predsednik: Vojko Gri\u010dar \u010clani: Grega Erpi\u010d DISCIPLINSKA KOMISIJA Predsednik: Dare Medved \u010clani: Martin Kosmina, Ivan Milo\u0161evi\u0107","og_url":"https:\/\/krkavolley.si\/site\/organizacija\/","og_site_name":"Mo\u0161ki odbojkarski klub Krka","article_publisher":"https:\/\/www.facebook.com\/krkavolley\/","article_modified_time":"2025-02-11T17:40:39+00:00","twitter_card":"summary_large_image","twitter_misc":{"Est. reading time":"1 minuta"},"schema":{"@context":"https:\/\/schema.org","@graph":[{"@type":"WebPage","@id":"https:\/\/krkavolley.si\/site\/organizacija\/","url":"https:\/\/krkavolley.si\/site\/organizacija\/","name":"Organizacija - Mo\u0161ki odbojkarski klub Krka","isPartOf":{"@id":"https:\/\/krkavolley.si\/site\/#website"},"datePublished":"2017-05-28T11:36:38+00:00","dateModified":"2025-02-11T17:40:39+00:00","breadcrumb":{"@id":"https:\/\/krkavolley.si\/site\/organizacija\/#breadcrumb"},"inLanguage":"sl-SI","potentialAction":[{"@type":"ReadAction","target":["https:\/\/krkavolley.si\/site\/organizacija\/"]}]},{"@type":"BreadcrumbList","@id":"https:\/\/krkavolley.si\/site\/organizacija\/#breadcrumb","itemListElement":[{"@type":"ListItem","position":1,"name":"Home","item":"https:\/\/krkavolley.si\/site\/"},{"@type":"ListItem","position":2,"name":"Organizacija"}]},{"@type":"WebSite","@id":"https:\/\/krkavolley.si\/site\/#website","url":"https:\/\/krkavolley.si\/site\/","name":"Mo\u0161ki odbojkarski klub Krka","description":"Novo mesto","publisher":{"@id":"https:\/\/krkavolley.si\/site\/#organization"},"potentialAction":[{"@type":"SearchAction","target":{"@type":"EntryPoint","urlTemplate":"https:\/\/krkavolley.si\/site\/?s={search_term_string}"},"query-input":{"@type":"PropertyValueSpecification","valueRequired":true,"valueName":"search_term_string"}}],"inLanguage":"sl-SI"},{"@type":"Organization","@id":"https:\/\/krkavolley.si\/site\/#organization","name":"Mo\u0161ki odbojkarski klub Krka","url":"https:\/\/krkavolley.si\/site\/","logo":{"@type":"ImageObject","inLanguage":"sl-SI","@id":"https:\/\/krkavolley.si\/site\/#\/schema\/logo\/image\/","url":"https:\/\/krkavolley.si\/site\/wp-content\/uploads\/2017\/03\/mok_krka_squared.jpg","contentUrl":"https:\/\/krkavolley.si\/site\/wp-content\/uploads\/2017\/03\/mok_krka_squared.jpg","width":500,"height":500,"caption":"Mo\u0161ki odbojkarski klub Krka"},"image":{"@id":"https:\/\/krkavolley.si\/site\/#\/schema\/logo\/image\/"},"sameAs":["https:\/\/www.facebook.com\/krkavolley\/","https:\/\/www.youtube.com\/channel\/UC-9mw6XzAdOheQVW-nJxBDg"]}]}},"_links":{"self":[{"href":"https:\/\/krkavolley.si\/site\/wp-json\/wp\/v2\/pages\/5289","targetHints":{"allow":["GET"]}}],"collection":[{"href":"https:\/\/krkavolley.si\/site\/wp-json\/wp\/v2\/pages"}],"about":[{"href":"https:\/\/krkavolley.si\/site\/wp-json\/wp\/v2\/types\/page"}],"author":[{"embeddable":true,"href":"https:\/\/krkavolley.si\/site\/wp-json\/wp\/v2\/users\/1"}],"replies":[{"embeddable":true,"href":"https:\/\/krkavolley.si\/site\/wp-json\/wp\/v2\/comments?post=5289"}],"version-history":[{"count":5,"href":"https:\/\/krkavolley.si\/site\/wp-json\/wp\/v2\/pages\/5289\/revisions"}],"predecessor-version":[{"id":10727,"href":"https:\/\/krkavolley.si\/site\/wp-json\/wp\/v2\/pages\/5289\/revisions\/10727"}],"wp:attachment":[{"href":"https:\/\/krkavolley.si\/site\/wp-json\/wp\/v2\/media?parent=5289"}],"curies":[{"name":"wp","href":"https:\/\/api.w.org\/{rel}","templated":true}]}}