{"id":5293,"date":"2017-05-28T13:48:19","date_gmt":"2017-05-28T11:48:19","guid":{"rendered":"https:\/\/krkavolley.si\/site\/?page_id=5293"},"modified":"2018-09-09T19:23:48","modified_gmt":"2018-09-09T17:23:48","slug":"zgodovina","status":"publish","type":"page","link":"https:\/\/krkavolley.si\/site\/zgodovina\/","title":{"rendered":"Zgodovina"},"content":{"rendered":"<p>Odbojka je \u0161port, ki ima v Novem mestu dolgoletno tradicijo in je verjetno prvi organiziran kolektivni \u0161port z \u017eogo v Novem mestu. Za\u010detki organiziranega igranja odbojke segajo nekje 60 let nazaj.<\/p>\n<p>Prvi vrh je odbojka v Novem mestu dosegla v letih od 1951 do 1953, ko se je ekipa Novega mesta kot slovenski prvak uvrstila v 1. jugoslovansko ligo. Na igri\u0161\u010du na Loki so gostovale ekipe kot so : Partizan, Crvena zvezda, Vojvodina in druge. Od takrat dalje je bila odbojka stalno prisotna na novome\u0161kih igri\u0161\u010dih in je tako kot drugi \u0161porti dosegala svoje vzpone in padce.<\/p>\n<p>Drugi vrh je novome\u0161ka odbojka dosegla v devetdesetih letih, ko je z zdru\u017eitvijo ekip Novega mesta in \u017du\u017eemberka, mlada in perspektivna ekipa ponovno posku\u0161ala dose\u010di uvrstitev v 1- jugoslovansko ligo. Potem, ko je bila ekipa takratnega Pionirja, oziroma kasneje Krke, ve\u010d let najbolj\u0161a slovenska ekipa, se ji je v sezoni 88\/89 kon\u010dno uspelo uvrstiti v 1.B jugoslovansko ligo, to je med 12 najbolj\u0161ih ekip v dr\u017eavi in v sezoni 90\/91, tudi v 1.A ligo, med 6 najbolj\u0161ih ekip v dr\u017eavi. V tej ligi pa ji zaradi razpada Jugoslavije ni bilo usojeno nastopiti.<\/p>\n<p>Ponovno so v dvorani Marof gostovale najbolj\u0161e jugoslovanske ekipe kot so: Mladost iz Zagreba, Partizan in Crvena zvezda iz Beograda, Vojvodina iz Novega Sada, Vardar iz Skopja in druge. Dvorana Marof je takrat pokala po \u0161ivih, saj si je tekme ve\u010dkrat ogledalo preko 1000 gledalcev. Novo mesto pa je bilo tudi organizator Balkanskega prvenstva v odbojki.<\/p>\n<p>Novo mesto je v teh letih imelo tudi stalnega \u010dlana dr\u017eavne \u010dlanske reprezentance, Bojana Brulca in ve\u010d mladinskih jugoslovanskih reprezentantov.<\/p>\n<p>Po osamosvojitvi pa se uspe\u0161ni pohod novome\u0161ke odbojke \u017eal ni nadaljeval. Vrh je ekipa dosegla z prijateljsko tekmo med reprezentanco Slovenije (prva uradna tekma v novi Sloveniji ) in Novim mestom. Rezultat je bil 3:2 v korist Novega mesta.<\/p>\n<p>Ko je bilo pri\u010dakovati, da bo ekipa osvojila prvi naslov dr\u017eavnega prvaka v samostojni Sloveniji pa je zaradi razli\u010dnih razlogov ekipa postajala vse manj uspe\u0161na in je v sezoni 98\/99 izpadla iz 1.DOL ter v naslednjih dveh letih pristala v 3. DOL.<\/p>\n<figure id=\"attachment_5294\" aria-describedby=\"caption-attachment-5294\" style=\"width: 228px\" class=\"wp-caption aligncenter\"><img loading=\"lazy\" decoding=\"async\" class=\"size-full wp-image-5294\" src=\"https:\/\/krkavolley.si\/site\/wp-content\/uploads\/2017\/05\/zgodovina1.jpg\" alt=\"\" width=\"228\" height=\"128\" \/><figcaption id=\"caption-attachment-5294\" class=\"wp-caption-text\">Slovenska kadetska reprezentanca 1984. Od leve: Smrke, Dimc, Stele, Gros, \u2026, \u2026, \u2026, \u2026, Petkovi\u010d, \u2026, \u2026, \u2026<\/figcaption><\/figure>\n<p>V tem \u010dasu je vodilno mesto v dolenjski odbojki prevzela ekipa \u017du\u017eemberka, ki ji je uspelo v sezoni 98\/99 in \u0161e dveh naslednjih, uvr\u0161\u010dati se v 1.DOL. Vztrajno in kvalitetno delo z mladimi se je obrestovalo, saj so \u017du\u017eember\u010dani pod vodstvom trenerja Bojana Brulca osvajali \u0161tevilne naslove dr\u017eavnih prvakov v mlaj\u0161ih kategorijah.<\/p>\n<p>Kljub temu odbojka v Novem mestu ni dokon\u010dno zamrla. Prof. Janez Mohor\u010di\u010d in Janko Gole\u0161 sta vztrajala in leta 2001 se je odbojka v Novem mestu ponovno za\u010dela dogajati.<\/p>\n<p>Dolenjski klubi so dosegli dogovor o sodelovanju in ocenili, da so pogoji za ekipo, ki lahko uspe\u0161no dolgoro\u010dno nastopa v 1.DOL, le v Novem mestu. V ekipo so zdru\u017eili najbolj\u0161e igralce iz Novega mesta, \u017du\u017eemberka in Mokronoga in skupna ekipa Krke se je v vsega dveh sezonah pod vodstvom trenerja Gorazda Kosmine, vrnila v 1. DOL<\/p>\n<p>Tretji vrh novome\u0161ka odbojka dosega v sezoni 2004\/2005. Ekipa, ki jo vodi trener Bojan Brulec, si je leto poprej v svoj prvi prvoliga\u0161ki sezoni, zanesljivo zagotovila obstanek v ligi, dosegla 8. mesto, v sezoni 2004\/2005 pa ji ni dosti manjkalo do uvrstitve med \u0161tiri najbolj\u0161a mo\u0161tva.<\/p>\n<p>Zato pa je v pokalnem tekmovanju ekipa Krke pri\u0161la v finale. Finalno tekmo je odigrala na Bledu in se favorizirani ekipi Avtocommerca, sestavljeni iz nosilnih igralcev slovenske dr\u017eavne reprezentance, odli\u010dno upirala. Na svoji poti do finala pa je med drugimi premagala tudi ekipe, kot so Termo Lubnik, Prevent Gradnje IGM Maribor in v polfinalu Calcit Kamnik (ve\u010dkratni dr\u017eavni prvak).<\/p>\n<figure id=\"attachment_5295\" aria-describedby=\"caption-attachment-5295\" style=\"width: 228px\" class=\"wp-caption aligncenter\"><img loading=\"lazy\" decoding=\"async\" class=\"size-full wp-image-5295\" src=\"https:\/\/krkavolley.si\/site\/wp-content\/uploads\/2017\/05\/zgodovina2.jpg\" alt=\"\" width=\"228\" height=\"128\" \/><figcaption id=\"caption-attachment-5295\" class=\"wp-caption-text\">Jugoslovanska kadetska<br \/>reprezentanca 1985.<br \/>\u010cepi tretji z leve: Ale\u0161 Smrke.<\/figcaption><\/figure>\n<p>Z drugim mestom pa si je ekipa Krke priigrala tudi vstopnico za nastop v evropskem pokalnem tekmovanju.<\/p>\n<p>Dolenjska in s tem tudi novome\u0161ka odbojka ima v tem trenutku vse potenciale za ponoven in dolgoro\u010den vzpon. Ima tradicijo in ima \u0161tiri centre, kjer se kvalitetno dela z mladimi. Dolenjski mladi odbojkarji so tradicionalno med najbolj\u0161imi v Sloveniji. Ima pet ekip, ki tekmujejo v dr\u017eavnih ligah in dovolj lastnih kadrov za kvalitetno trenersko delo.<\/p>\n<p>Potrebujemo samo dolgoro\u010dno podporo sredine v kateri delujemo in sponzorjev, ki bi v sodelovanju z odbojko na\u0161li tudi svoje interese.<\/p>\n<figure id=\"attachment_5296\" aria-describedby=\"caption-attachment-5296\" style=\"width: 228px\" class=\"wp-caption aligncenter\"><img loading=\"lazy\" decoding=\"async\" class=\"size-full wp-image-5296\" src=\"https:\/\/krkavolley.si\/site\/wp-content\/uploads\/2017\/05\/zgodovina3.jpg\" alt=\"\" width=\"228\" height=\"128\" \/><figcaption id=\"caption-attachment-5296\" class=\"wp-caption-text\">Jugoslovanska mladinska reprezentanca 1986.<br \/>\u010cepi prvi z desne Smrke Ale\u0161.<\/figcaption><\/figure>\n","protected":false},"excerpt":{"rendered":"<p>Odbojka je \u0161port, ki ima v Novem mestu dolgoletno tradicijo in je verjetno prvi organiziran kolektivni \u0161port z \u017eogo v Novem mestu. Za\u010detki organiziranega igranja odbojke segajo nekje 60 let&hellip; <\/p>\n<p class=\"chuchadon-read-more\"><a href=\"https:\/\/krkavolley.si\/site\/zgodovina\/\" class=\"more-link\">Beri dalje&#8230;<\/a><\/p>\n","protected":false},"author":1,"featured_media":0,"parent":0,"menu_order":0,"comment_status":"closed","ping_status":"closed","template":"pages\/single.php","meta":{"footnotes":""},"class_list":["post-5293","page","type-page","status-publish","entry"],"yoast_head":"<!-- This site is optimized with the Yoast SEO plugin v26.6 - https:\/\/yoast.com\/wordpress\/plugins\/seo\/ -->\n<title>Zgodovina - Mo\u0161ki odbojkarski klub Krka<\/title>\n<meta name=\"robots\" content=\"index, follow, max-snippet:-1, max-image-preview:large, max-video-preview:-1\" \/>\n<link rel=\"canonical\" href=\"https:\/\/krkavolley.si\/site\/zgodovina\/\" \/>\n<meta property=\"og:locale\" content=\"sl_SI\" \/>\n<meta property=\"og:type\" content=\"article\" \/>\n<meta property=\"og:title\" content=\"Zgodovina - Mo\u0161ki odbojkarski klub Krka\" \/>\n<meta property=\"og:description\" content=\"Odbojka je \u0161port, ki ima v Novem mestu dolgoletno tradicijo in je verjetno prvi organiziran kolektivni \u0161port z \u017eogo v Novem mestu. Za\u010detki organiziranega igranja odbojke segajo nekje 60 let&hellip; Beri dalje...\" \/>\n<meta property=\"og:url\" content=\"https:\/\/krkavolley.si\/site\/zgodovina\/\" \/>\n<meta property=\"og:site_name\" content=\"Mo\u0161ki odbojkarski klub Krka\" \/>\n<meta property=\"article:publisher\" content=\"https:\/\/www.facebook.com\/krkavolley\/\" \/>\n<meta property=\"article:modified_time\" content=\"2018-09-09T17:23:48+00:00\" \/>\n<meta property=\"og:image\" content=\"https:\/\/krkavolley.si\/site\/wp-content\/uploads\/2017\/05\/zgodovina1.jpg\" \/>\n\t<meta property=\"og:image:width\" content=\"228\" \/>\n\t<meta property=\"og:image:height\" content=\"128\" \/>\n\t<meta property=\"og:image:type\" content=\"image\/jpeg\" \/>\n<meta name=\"twitter:card\" content=\"summary_large_image\" \/>\n<meta name=\"twitter:label1\" content=\"Est. reading time\" \/>\n\t<meta name=\"twitter:data1\" content=\"4 minute\" \/>\n<script type=\"application\/ld+json\" class=\"yoast-schema-graph\">{\"@context\":\"https:\/\/schema.org\",\"@graph\":[{\"@type\":\"WebPage\",\"@id\":\"https:\/\/krkavolley.si\/site\/zgodovina\/\",\"url\":\"https:\/\/krkavolley.si\/site\/zgodovina\/\",\"name\":\"Zgodovina - Mo\u0161ki odbojkarski klub Krka\",\"isPartOf\":{\"@id\":\"https:\/\/krkavolley.si\/site\/#website\"},\"primaryImageOfPage\":{\"@id\":\"https:\/\/krkavolley.si\/site\/zgodovina\/#primaryimage\"},\"image\":{\"@id\":\"https:\/\/krkavolley.si\/site\/zgodovina\/#primaryimage\"},\"thumbnailUrl\":\"https:\/\/krkavolley.si\/site\/wp-content\/uploads\/2017\/05\/zgodovina1.jpg\",\"datePublished\":\"2017-05-28T11:48:19+00:00\",\"dateModified\":\"2018-09-09T17:23:48+00:00\",\"breadcrumb\":{\"@id\":\"https:\/\/krkavolley.si\/site\/zgodovina\/#breadcrumb\"},\"inLanguage\":\"sl-SI\",\"potentialAction\":[{\"@type\":\"ReadAction\",\"target\":[\"https:\/\/krkavolley.si\/site\/zgodovina\/\"]}]},{\"@type\":\"ImageObject\",\"inLanguage\":\"sl-SI\",\"@id\":\"https:\/\/krkavolley.si\/site\/zgodovina\/#primaryimage\",\"url\":\"https:\/\/krkavolley.si\/site\/wp-content\/uploads\/2017\/05\/zgodovina1.jpg\",\"contentUrl\":\"https:\/\/krkavolley.si\/site\/wp-content\/uploads\/2017\/05\/zgodovina1.jpg\",\"width\":228,\"height\":128,\"caption\":\"lovenska kadetska reprezentanca 1984. Od leve: Smrke, Dimc, Stele, Gros, \u2026, \u2026, \u2026, \u2026, Petkovi\u010d, \u2026, \u2026, \u2026\"},{\"@type\":\"BreadcrumbList\",\"@id\":\"https:\/\/krkavolley.si\/site\/zgodovina\/#breadcrumb\",\"itemListElement\":[{\"@type\":\"ListItem\",\"position\":1,\"name\":\"Home\",\"item\":\"https:\/\/krkavolley.si\/site\/\"},{\"@type\":\"ListItem\",\"position\":2,\"name\":\"Zgodovina\"}]},{\"@type\":\"WebSite\",\"@id\":\"https:\/\/krkavolley.si\/site\/#website\",\"url\":\"https:\/\/krkavolley.si\/site\/\",\"name\":\"Mo\u0161ki odbojkarski klub Krka\",\"description\":\"Novo mesto\",\"publisher\":{\"@id\":\"https:\/\/krkavolley.si\/site\/#organization\"},\"potentialAction\":[{\"@type\":\"SearchAction\",\"target\":{\"@type\":\"EntryPoint\",\"urlTemplate\":\"https:\/\/krkavolley.si\/site\/?s={search_term_string}\"},\"query-input\":{\"@type\":\"PropertyValueSpecification\",\"valueRequired\":true,\"valueName\":\"search_term_string\"}}],\"inLanguage\":\"sl-SI\"},{\"@type\":\"Organization\",\"@id\":\"https:\/\/krkavolley.si\/site\/#organization\",\"name\":\"Mo\u0161ki odbojkarski klub Krka\",\"url\":\"https:\/\/krkavolley.si\/site\/\",\"logo\":{\"@type\":\"ImageObject\",\"inLanguage\":\"sl-SI\",\"@id\":\"https:\/\/krkavolley.si\/site\/#\/schema\/logo\/image\/\",\"url\":\"https:\/\/krkavolley.si\/site\/wp-content\/uploads\/2017\/03\/mok_krka_squared.jpg\",\"contentUrl\":\"https:\/\/krkavolley.si\/site\/wp-content\/uploads\/2017\/03\/mok_krka_squared.jpg\",\"width\":500,\"height\":500,\"caption\":\"Mo\u0161ki odbojkarski klub Krka\"},\"image\":{\"@id\":\"https:\/\/krkavolley.si\/site\/#\/schema\/logo\/image\/\"},\"sameAs\":[\"https:\/\/www.facebook.com\/krkavolley\/\",\"https:\/\/www.youtube.com\/channel\/UC-9mw6XzAdOheQVW-nJxBDg\"]}]}<\/script>\n<!-- \/ Yoast SEO plugin. -->","yoast_head_json":{"title":"Zgodovina - Mo\u0161ki odbojkarski klub Krka","robots":{"index":"index","follow":"follow","max-snippet":"max-snippet:-1","max-image-preview":"max-image-preview:large","max-video-preview":"max-video-preview:-1"},"canonical":"https:\/\/krkavolley.si\/site\/zgodovina\/","og_locale":"sl_SI","og_type":"article","og_title":"Zgodovina - Mo\u0161ki odbojkarski klub Krka","og_description":"Odbojka je \u0161port, ki ima v Novem mestu dolgoletno tradicijo in je verjetno prvi organiziran kolektivni \u0161port z \u017eogo v Novem mestu. Za\u010detki organiziranega igranja odbojke segajo nekje 60 let&hellip; Beri dalje...","og_url":"https:\/\/krkavolley.si\/site\/zgodovina\/","og_site_name":"Mo\u0161ki odbojkarski klub Krka","article_publisher":"https:\/\/www.facebook.com\/krkavolley\/","article_modified_time":"2018-09-09T17:23:48+00:00","og_image":[{"width":228,"height":128,"url":"https:\/\/krkavolley.si\/site\/wp-content\/uploads\/2017\/05\/zgodovina1.jpg","type":"image\/jpeg"}],"twitter_card":"summary_large_image","twitter_misc":{"Est. reading time":"4 minute"},"schema":{"@context":"https:\/\/schema.org","@graph":[{"@type":"WebPage","@id":"https:\/\/krkavolley.si\/site\/zgodovina\/","url":"https:\/\/krkavolley.si\/site\/zgodovina\/","name":"Zgodovina - Mo\u0161ki odbojkarski klub Krka","isPartOf":{"@id":"https:\/\/krkavolley.si\/site\/#website"},"primaryImageOfPage":{"@id":"https:\/\/krkavolley.si\/site\/zgodovina\/#primaryimage"},"image":{"@id":"https:\/\/krkavolley.si\/site\/zgodovina\/#primaryimage"},"thumbnailUrl":"https:\/\/krkavolley.si\/site\/wp-content\/uploads\/2017\/05\/zgodovina1.jpg","datePublished":"2017-05-28T11:48:19+00:00","dateModified":"2018-09-09T17:23:48+00:00","breadcrumb":{"@id":"https:\/\/krkavolley.si\/site\/zgodovina\/#breadcrumb"},"inLanguage":"sl-SI","potentialAction":[{"@type":"ReadAction","target":["https:\/\/krkavolley.si\/site\/zgodovina\/"]}]},{"@type":"ImageObject","inLanguage":"sl-SI","@id":"https:\/\/krkavolley.si\/site\/zgodovina\/#primaryimage","url":"https:\/\/krkavolley.si\/site\/wp-content\/uploads\/2017\/05\/zgodovina1.jpg","contentUrl":"https:\/\/krkavolley.si\/site\/wp-content\/uploads\/2017\/05\/zgodovina1.jpg","width":228,"height":128,"caption":"lovenska kadetska reprezentanca 1984. Od leve: Smrke, Dimc, Stele, Gros, \u2026, \u2026, \u2026, \u2026, Petkovi\u010d, \u2026, \u2026, \u2026"},{"@type":"BreadcrumbList","@id":"https:\/\/krkavolley.si\/site\/zgodovina\/#breadcrumb","itemListElement":[{"@type":"ListItem","position":1,"name":"Home","item":"https:\/\/krkavolley.si\/site\/"},{"@type":"ListItem","position":2,"name":"Zgodovina"}]},{"@type":"WebSite","@id":"https:\/\/krkavolley.si\/site\/#website","url":"https:\/\/krkavolley.si\/site\/","name":"Mo\u0161ki odbojkarski klub Krka","description":"Novo mesto","publisher":{"@id":"https:\/\/krkavolley.si\/site\/#organization"},"potentialAction":[{"@type":"SearchAction","target":{"@type":"EntryPoint","urlTemplate":"https:\/\/krkavolley.si\/site\/?s={search_term_string}"},"query-input":{"@type":"PropertyValueSpecification","valueRequired":true,"valueName":"search_term_string"}}],"inLanguage":"sl-SI"},{"@type":"Organization","@id":"https:\/\/krkavolley.si\/site\/#organization","name":"Mo\u0161ki odbojkarski klub Krka","url":"https:\/\/krkavolley.si\/site\/","logo":{"@type":"ImageObject","inLanguage":"sl-SI","@id":"https:\/\/krkavolley.si\/site\/#\/schema\/logo\/image\/","url":"https:\/\/krkavolley.si\/site\/wp-content\/uploads\/2017\/03\/mok_krka_squared.jpg","contentUrl":"https:\/\/krkavolley.si\/site\/wp-content\/uploads\/2017\/03\/mok_krka_squared.jpg","width":500,"height":500,"caption":"Mo\u0161ki odbojkarski klub Krka"},"image":{"@id":"https:\/\/krkavolley.si\/site\/#\/schema\/logo\/image\/"},"sameAs":["https:\/\/www.facebook.com\/krkavolley\/","https:\/\/www.youtube.com\/channel\/UC-9mw6XzAdOheQVW-nJxBDg"]}]}},"_links":{"self":[{"href":"https:\/\/krkavolley.si\/site\/wp-json\/wp\/v2\/pages\/5293","targetHints":{"allow":["GET"]}}],"collection":[{"href":"https:\/\/krkavolley.si\/site\/wp-json\/wp\/v2\/pages"}],"about":[{"href":"https:\/\/krkavolley.si\/site\/wp-json\/wp\/v2\/types\/page"}],"author":[{"embeddable":true,"href":"https:\/\/krkavolley.si\/site\/wp-json\/wp\/v2\/users\/1"}],"replies":[{"embeddable":true,"href":"https:\/\/krkavolley.si\/site\/wp-json\/wp\/v2\/comments?post=5293"}],"version-history":[{"count":3,"href":"https:\/\/krkavolley.si\/site\/wp-json\/wp\/v2\/pages\/5293\/revisions"}],"predecessor-version":[{"id":6202,"href":"https:\/\/krkavolley.si\/site\/wp-json\/wp\/v2\/pages\/5293\/revisions\/6202"}],"wp:attachment":[{"href":"https:\/\/krkavolley.si\/site\/wp-json\/wp\/v2\/media?parent=5293"}],"curies":[{"name":"wp","href":"https:\/\/api.w.org\/{rel}","templated":true}]}}