{"id":81,"date":"2017-05-23T19:12:43","date_gmt":"2017-05-23T17:12:43","guid":{"rendered":"https:\/\/krkavolley.si\/site\/?page_id=81"},"modified":"2017-06-01T21:39:12","modified_gmt":"2017-06-01T19:39:12","slug":"odbojka","status":"publish","type":"page","link":"https:\/\/krkavolley.si\/site\/odbojka\/","title":{"rendered":"Odbojka"},"content":{"rendered":"<p>Odbojka je izjemno priljubljena rekreacijska igra po vsem svetu, kot tekmovalni \u0161port pa ima veliko privr\u017eencev in gledalcev. V dru\u017eini \u0161portnih iger z \u017eogo je najmlaj\u0161a, najmanj agresivna, hkrati pa najbolj socialno naravnana.<\/p>\n<p>Izumil jo je predavatelj telesne vzgoje, Ameri\u010dan William Morgan leta 1895; njegov namen je bil sestaviti novo zabavno igro, ki bi bila sestavljena iz tehni\u010dnih elementov ko\u0161arke in tenisa (tudi ko\u0161arko so izumili Ameri\u010dani). Zdru\u017eil je dva dinami\u010dna \u0161porta in ustvaril igro, ki je mnogo bolj dinami\u010dna od obeh \u201cizvornih\u201d.<\/p>\n<figure id=\"attachment_5320\" aria-describedby=\"caption-attachment-5320\" style=\"width: 800px\" class=\"wp-caption aligncenter\"><img loading=\"lazy\" decoding=\"async\" class=\"size-full wp-image-5320\" src=\"https:\/\/krkavolley.si\/site\/wp-content\/uploads\/2017\/05\/MOK_Krka_OK_Triglav-15.jpg\" alt=\"\" width=\"800\" height=\"533\" srcset=\"https:\/\/krkavolley.si\/site\/wp-content\/uploads\/2017\/05\/MOK_Krka_OK_Triglav-15.jpg 800w, https:\/\/krkavolley.si\/site\/wp-content\/uploads\/2017\/05\/MOK_Krka_OK_Triglav-15-300x200.jpg 300w, https:\/\/krkavolley.si\/site\/wp-content\/uploads\/2017\/05\/MOK_Krka_OK_Triglav-15-768x512.jpg 768w\" sizes=\"auto, (max-width: 800px) 100vw, 800px\" \/><figcaption id=\"caption-attachment-5320\" class=\"wp-caption-text\">(foto: www.maticerzen.si)<\/figcaption><\/figure>\n<p>Zaradi pozitivnih u\u010dinkov na po\u010dutje (po razli\u010dnih raziskavah javnega mnenja) je odbojka po priljubljenosti v Sloveniji kot tudi drugod po svetu uvr\u0161\u010dena v sam vrh rekreativnih dejavnosti. Priljubljena pa je tudi zaradi dejstva, da se je iz prvotne zamisli o skupinskem odbijanju \u017eoge razvilo veliko razli\u010dic, ki zadovoljujejo \u017eeljo po gibanju razli\u010dnim kategorijam ljudi. Prvotna ideja odbijanja \u017eoge za zabavo brez zadr\u017eevanja (lovljenja) je hitro prerasla svoje okvire. Razvila se je mno\u017eica razli\u010dic, ki danes omogo\u010dajo igranje obema spoloma, vsem generacijam, igralcem, ki jim je odbojka poklic in rekreativcem, ki v njej i\u0161\u010dejo sprostitev, zabavo in ohranjanje telesnih sposobnosti. (Zadra\u017enik, 31) Dvoranska odbojka (volleyball), igra \u0161estih proti \u0161estim, je verjetno najbolj poznana in raz\u0161irjena razli\u010dica. Ostale razli\u010dice pa so: odbojka na mivki (beach volley),odbojka na travi (green volley ali park volley), odbojka na snegu (snow volley), super mini odbojka, mini odbojka, mala odbojka, odbojka z nogami, wallyball (igra, podobna squashu), vodna odbojka in sede\u010da odbojka.<\/p>\n<p>Odbojka je ekipni \u0161port, sestavljen iz dveh ekip, ki ju lo\u010di mre\u017ea, kar prepre\u010duje stik med igralci. Igralci lahko uporabljajo zapestja in roke (v redkih primerih tudi druge dele telesa), da podajo \u017eogo preko mre\u017ee.<\/p>\n<p>Namen igre je poslati \u017eogo preko mre\u017ee tako, da bi v nasprotnikovem polju padla na tla, ter prepre\u010diti, da bi padla na tla na lastni strani igri\u0161\u010da. Vsaka ekipa se lahko trikrat dotakne \u017eoge, vklju\u010dno z dotikom \u017eoge v bloku, preden jo vrne na nasprotno stran. Pravilo, da mora biti odboj \u017eoge trenuten (brez zadr\u017eevanja), pomeni, da igra brez visoke ravni sodelovanja in medsebojne pomo\u010di vseh igralcev sploh ni mo\u017ena. Ta medsebojna povezanost igralcev je verjetno tisti dejavnik, ki odbojko uvr\u0161\u010da med zelo priljubljene \u0161porte.<\/p>\n<p>Igra se za\u010dne s servisom. Igralec z njim po\u0161lje \u017eogo preko mre\u017ee v nasprotnikovo igralno polje. Igra se nadaljuje, dokler se \u017eoga ne dotakne tal igri\u0161\u010da, pade izven igri\u0161\u010da ali jo ekipi ne uspe pravilno odbiti. Servis je eden izmed najpomembnej\u0161ih elementov. Re\u010demo mu tudi za\u010detni udarec. Osnovni namen servisa je udariti \u017eogo na nasprotnikovo stran za za\u010detek igre. Po taktiki pa lahko s za\u010detnim udarcem nasprotnika zmedemo ali celo osvojimo to\u010dko, \u010de je servis dovolj natan\u010den ali pa zelo mo\u010dan. Na za\u010detku tekme sodnik izbira, katera ekipa bo za\u010dela s servisom (takrat lahko ekipi tudi menjata polji; izbira je pri tem privilegij ekipe, ki ne dobi servisa).<\/p>\n<figure id=\"attachment_5318\" aria-describedby=\"caption-attachment-5318\" style=\"width: 800px\" class=\"wp-caption aligncenter\"><img loading=\"lazy\" decoding=\"async\" class=\"wp-image-5318 size-full\" src=\"https:\/\/krkavolley.si\/site\/wp-content\/uploads\/2017\/05\/MOK_Krka_Astec_Triglav-10.jpg\" alt=\"\" width=\"800\" height=\"534\" srcset=\"https:\/\/krkavolley.si\/site\/wp-content\/uploads\/2017\/05\/MOK_Krka_Astec_Triglav-10.jpg 800w, https:\/\/krkavolley.si\/site\/wp-content\/uploads\/2017\/05\/MOK_Krka_Astec_Triglav-10-300x200.jpg 300w, https:\/\/krkavolley.si\/site\/wp-content\/uploads\/2017\/05\/MOK_Krka_Astec_Triglav-10-768x513.jpg 768w\" sizes=\"auto, (max-width: 800px) 100vw, 800px\" \/><figcaption id=\"caption-attachment-5318\" class=\"wp-caption-text\">(foto: www.maticerzen.si)<\/figcaption><\/figure>\n<p>V\u010dasih se je igra mo\u0161kih ekip precej razlikovala od igre \u017eensk, danes je ta meja \u017ee zelo zabrisana. Odbojkarska tekma traja povpre\u010dno med uro in uro in pol, posamezni niz pa od 15 do 30 minut. Posamezna akcija (od servisa do osvojitve to\u010dke) pa traja od 5 do 10 sekund (odvisno seveda od ravni kakovosti igre). V moderni odbojki prevladujejo mo\u010d, hitrost odigravanja akcij ter popolnost tehnike in taktike (majhno \u0161tevilo lastnih napak).<\/p>\n<p>Hitrosti \u017eog pri vrhunski odbojki dosegajo 120 km\/h. Zna\u010dilnost igralcev je, da morajo biti tudi izredno visoki (igralci okoli 200 cm, igralke pa okoli 185 cm). Ekipa, ki dobi posamezno igro, osvoji to\u010dko. Kadar ekipa, ki servis sprejema, dobi igro, osvoji tudi to\u010dko in pravico do servisa. Igralci te ekipe pa pri tem zakro\u017eijo za eno mesto v smeri urinega kazalca (sprememba mest).<\/p>\n","protected":false},"excerpt":{"rendered":"<p>Odbojka je izjemno priljubljena rekreacijska igra po vsem svetu, kot tekmovalni \u0161port pa ima veliko privr\u017eencev in gledalcev. V dru\u017eini \u0161portnih iger z \u017eogo je najmlaj\u0161a, najmanj agresivna, hkrati pa&hellip; <\/p>\n<p class=\"chuchadon-read-more\"><a href=\"https:\/\/krkavolley.si\/site\/odbojka\/\" class=\"more-link\">Beri dalje&#8230;<\/a><\/p>\n","protected":false},"author":1,"featured_media":0,"parent":0,"menu_order":0,"comment_status":"closed","ping_status":"closed","template":"pages\/single.php","meta":{"footnotes":""},"class_list":["post-81","page","type-page","status-publish","entry"],"yoast_head":"<!-- This site is optimized with the Yoast SEO plugin v26.6 - https:\/\/yoast.com\/wordpress\/plugins\/seo\/ -->\n<title>Odbojka - Mo\u0161ki odbojkarski klub Krka<\/title>\n<meta name=\"robots\" content=\"index, follow, max-snippet:-1, max-image-preview:large, max-video-preview:-1\" \/>\n<link rel=\"canonical\" href=\"https:\/\/krkavolley.si\/site\/odbojka\/\" \/>\n<meta property=\"og:locale\" content=\"sl_SI\" \/>\n<meta property=\"og:type\" content=\"article\" \/>\n<meta property=\"og:title\" content=\"Odbojka - Mo\u0161ki odbojkarski klub Krka\" \/>\n<meta property=\"og:description\" content=\"Odbojka je izjemno priljubljena rekreacijska igra po vsem svetu, kot tekmovalni \u0161port pa ima veliko privr\u017eencev in gledalcev. V dru\u017eini \u0161portnih iger z \u017eogo je najmlaj\u0161a, najmanj agresivna, hkrati pa&hellip; Beri dalje...\" \/>\n<meta property=\"og:url\" content=\"https:\/\/krkavolley.si\/site\/odbojka\/\" \/>\n<meta property=\"og:site_name\" content=\"Mo\u0161ki odbojkarski klub Krka\" \/>\n<meta property=\"article:publisher\" content=\"https:\/\/www.facebook.com\/krkavolley\/\" \/>\n<meta property=\"article:modified_time\" content=\"2017-06-01T19:39:12+00:00\" \/>\n<meta property=\"og:image\" content=\"https:\/\/krkavolley.si\/site\/wp-content\/uploads\/2017\/05\/MOK_Krka_OK_Triglav-15.jpg\" \/>\n\t<meta property=\"og:image:width\" content=\"800\" \/>\n\t<meta property=\"og:image:height\" content=\"533\" \/>\n\t<meta property=\"og:image:type\" content=\"image\/jpeg\" \/>\n<meta name=\"twitter:card\" content=\"summary_large_image\" \/>\n<meta name=\"twitter:label1\" content=\"Est. reading time\" \/>\n\t<meta name=\"twitter:data1\" content=\"3 minute\" \/>\n<script type=\"application\/ld+json\" class=\"yoast-schema-graph\">{\"@context\":\"https:\/\/schema.org\",\"@graph\":[{\"@type\":\"WebPage\",\"@id\":\"https:\/\/krkavolley.si\/site\/odbojka\/\",\"url\":\"https:\/\/krkavolley.si\/site\/odbojka\/\",\"name\":\"Odbojka - Mo\u0161ki odbojkarski klub Krka\",\"isPartOf\":{\"@id\":\"https:\/\/krkavolley.si\/site\/#website\"},\"primaryImageOfPage\":{\"@id\":\"https:\/\/krkavolley.si\/site\/odbojka\/#primaryimage\"},\"image\":{\"@id\":\"https:\/\/krkavolley.si\/site\/odbojka\/#primaryimage\"},\"thumbnailUrl\":\"https:\/\/krkavolley.si\/site\/wp-content\/uploads\/2017\/05\/MOK_Krka_OK_Triglav-15.jpg\",\"datePublished\":\"2017-05-23T17:12:43+00:00\",\"dateModified\":\"2017-06-01T19:39:12+00:00\",\"breadcrumb\":{\"@id\":\"https:\/\/krkavolley.si\/site\/odbojka\/#breadcrumb\"},\"inLanguage\":\"sl-SI\",\"potentialAction\":[{\"@type\":\"ReadAction\",\"target\":[\"https:\/\/krkavolley.si\/site\/odbojka\/\"]}]},{\"@type\":\"ImageObject\",\"inLanguage\":\"sl-SI\",\"@id\":\"https:\/\/krkavolley.si\/site\/odbojka\/#primaryimage\",\"url\":\"https:\/\/krkavolley.si\/site\/wp-content\/uploads\/2017\/05\/MOK_Krka_OK_Triglav-15.jpg\",\"contentUrl\":\"https:\/\/krkavolley.si\/site\/wp-content\/uploads\/2017\/05\/MOK_Krka_OK_Triglav-15.jpg\",\"width\":800,\"height\":533,\"caption\":\"(foto: www.maticerzen.si)\"},{\"@type\":\"BreadcrumbList\",\"@id\":\"https:\/\/krkavolley.si\/site\/odbojka\/#breadcrumb\",\"itemListElement\":[{\"@type\":\"ListItem\",\"position\":1,\"name\":\"Home\",\"item\":\"https:\/\/krkavolley.si\/site\/\"},{\"@type\":\"ListItem\",\"position\":2,\"name\":\"Odbojka\"}]},{\"@type\":\"WebSite\",\"@id\":\"https:\/\/krkavolley.si\/site\/#website\",\"url\":\"https:\/\/krkavolley.si\/site\/\",\"name\":\"Mo\u0161ki odbojkarski klub Krka\",\"description\":\"Novo mesto\",\"publisher\":{\"@id\":\"https:\/\/krkavolley.si\/site\/#organization\"},\"potentialAction\":[{\"@type\":\"SearchAction\",\"target\":{\"@type\":\"EntryPoint\",\"urlTemplate\":\"https:\/\/krkavolley.si\/site\/?s={search_term_string}\"},\"query-input\":{\"@type\":\"PropertyValueSpecification\",\"valueRequired\":true,\"valueName\":\"search_term_string\"}}],\"inLanguage\":\"sl-SI\"},{\"@type\":\"Organization\",\"@id\":\"https:\/\/krkavolley.si\/site\/#organization\",\"name\":\"Mo\u0161ki odbojkarski klub Krka\",\"url\":\"https:\/\/krkavolley.si\/site\/\",\"logo\":{\"@type\":\"ImageObject\",\"inLanguage\":\"sl-SI\",\"@id\":\"https:\/\/krkavolley.si\/site\/#\/schema\/logo\/image\/\",\"url\":\"https:\/\/krkavolley.si\/site\/wp-content\/uploads\/2017\/03\/mok_krka_squared.jpg\",\"contentUrl\":\"https:\/\/krkavolley.si\/site\/wp-content\/uploads\/2017\/03\/mok_krka_squared.jpg\",\"width\":500,\"height\":500,\"caption\":\"Mo\u0161ki odbojkarski klub Krka\"},\"image\":{\"@id\":\"https:\/\/krkavolley.si\/site\/#\/schema\/logo\/image\/\"},\"sameAs\":[\"https:\/\/www.facebook.com\/krkavolley\/\",\"https:\/\/www.youtube.com\/channel\/UC-9mw6XzAdOheQVW-nJxBDg\"]}]}<\/script>\n<!-- \/ Yoast SEO plugin. -->","yoast_head_json":{"title":"Odbojka - Mo\u0161ki odbojkarski klub Krka","robots":{"index":"index","follow":"follow","max-snippet":"max-snippet:-1","max-image-preview":"max-image-preview:large","max-video-preview":"max-video-preview:-1"},"canonical":"https:\/\/krkavolley.si\/site\/odbojka\/","og_locale":"sl_SI","og_type":"article","og_title":"Odbojka - Mo\u0161ki odbojkarski klub Krka","og_description":"Odbojka je izjemno priljubljena rekreacijska igra po vsem svetu, kot tekmovalni \u0161port pa ima veliko privr\u017eencev in gledalcev. V dru\u017eini \u0161portnih iger z \u017eogo je najmlaj\u0161a, najmanj agresivna, hkrati pa&hellip; Beri dalje...","og_url":"https:\/\/krkavolley.si\/site\/odbojka\/","og_site_name":"Mo\u0161ki odbojkarski klub Krka","article_publisher":"https:\/\/www.facebook.com\/krkavolley\/","article_modified_time":"2017-06-01T19:39:12+00:00","og_image":[{"width":800,"height":533,"url":"https:\/\/krkavolley.si\/site\/wp-content\/uploads\/2017\/05\/MOK_Krka_OK_Triglav-15.jpg","type":"image\/jpeg"}],"twitter_card":"summary_large_image","twitter_misc":{"Est. reading time":"3 minute"},"schema":{"@context":"https:\/\/schema.org","@graph":[{"@type":"WebPage","@id":"https:\/\/krkavolley.si\/site\/odbojka\/","url":"https:\/\/krkavolley.si\/site\/odbojka\/","name":"Odbojka - Mo\u0161ki odbojkarski klub Krka","isPartOf":{"@id":"https:\/\/krkavolley.si\/site\/#website"},"primaryImageOfPage":{"@id":"https:\/\/krkavolley.si\/site\/odbojka\/#primaryimage"},"image":{"@id":"https:\/\/krkavolley.si\/site\/odbojka\/#primaryimage"},"thumbnailUrl":"https:\/\/krkavolley.si\/site\/wp-content\/uploads\/2017\/05\/MOK_Krka_OK_Triglav-15.jpg","datePublished":"2017-05-23T17:12:43+00:00","dateModified":"2017-06-01T19:39:12+00:00","breadcrumb":{"@id":"https:\/\/krkavolley.si\/site\/odbojka\/#breadcrumb"},"inLanguage":"sl-SI","potentialAction":[{"@type":"ReadAction","target":["https:\/\/krkavolley.si\/site\/odbojka\/"]}]},{"@type":"ImageObject","inLanguage":"sl-SI","@id":"https:\/\/krkavolley.si\/site\/odbojka\/#primaryimage","url":"https:\/\/krkavolley.si\/site\/wp-content\/uploads\/2017\/05\/MOK_Krka_OK_Triglav-15.jpg","contentUrl":"https:\/\/krkavolley.si\/site\/wp-content\/uploads\/2017\/05\/MOK_Krka_OK_Triglav-15.jpg","width":800,"height":533,"caption":"(foto: www.maticerzen.si)"},{"@type":"BreadcrumbList","@id":"https:\/\/krkavolley.si\/site\/odbojka\/#breadcrumb","itemListElement":[{"@type":"ListItem","position":1,"name":"Home","item":"https:\/\/krkavolley.si\/site\/"},{"@type":"ListItem","position":2,"name":"Odbojka"}]},{"@type":"WebSite","@id":"https:\/\/krkavolley.si\/site\/#website","url":"https:\/\/krkavolley.si\/site\/","name":"Mo\u0161ki odbojkarski klub Krka","description":"Novo mesto","publisher":{"@id":"https:\/\/krkavolley.si\/site\/#organization"},"potentialAction":[{"@type":"SearchAction","target":{"@type":"EntryPoint","urlTemplate":"https:\/\/krkavolley.si\/site\/?s={search_term_string}"},"query-input":{"@type":"PropertyValueSpecification","valueRequired":true,"valueName":"search_term_string"}}],"inLanguage":"sl-SI"},{"@type":"Organization","@id":"https:\/\/krkavolley.si\/site\/#organization","name":"Mo\u0161ki odbojkarski klub Krka","url":"https:\/\/krkavolley.si\/site\/","logo":{"@type":"ImageObject","inLanguage":"sl-SI","@id":"https:\/\/krkavolley.si\/site\/#\/schema\/logo\/image\/","url":"https:\/\/krkavolley.si\/site\/wp-content\/uploads\/2017\/03\/mok_krka_squared.jpg","contentUrl":"https:\/\/krkavolley.si\/site\/wp-content\/uploads\/2017\/03\/mok_krka_squared.jpg","width":500,"height":500,"caption":"Mo\u0161ki odbojkarski klub Krka"},"image":{"@id":"https:\/\/krkavolley.si\/site\/#\/schema\/logo\/image\/"},"sameAs":["https:\/\/www.facebook.com\/krkavolley\/","https:\/\/www.youtube.com\/channel\/UC-9mw6XzAdOheQVW-nJxBDg"]}]}},"_links":{"self":[{"href":"https:\/\/krkavolley.si\/site\/wp-json\/wp\/v2\/pages\/81","targetHints":{"allow":["GET"]}}],"collection":[{"href":"https:\/\/krkavolley.si\/site\/wp-json\/wp\/v2\/pages"}],"about":[{"href":"https:\/\/krkavolley.si\/site\/wp-json\/wp\/v2\/types\/page"}],"author":[{"embeddable":true,"href":"https:\/\/krkavolley.si\/site\/wp-json\/wp\/v2\/users\/1"}],"replies":[{"embeddable":true,"href":"https:\/\/krkavolley.si\/site\/wp-json\/wp\/v2\/comments?post=81"}],"version-history":[{"count":5,"href":"https:\/\/krkavolley.si\/site\/wp-json\/wp\/v2\/pages\/81\/revisions"}],"predecessor-version":[{"id":5321,"href":"https:\/\/krkavolley.si\/site\/wp-json\/wp\/v2\/pages\/81\/revisions\/5321"}],"wp:attachment":[{"href":"https:\/\/krkavolley.si\/site\/wp-json\/wp\/v2\/media?parent=81"}],"curies":[{"name":"wp","href":"https:\/\/api.w.org\/{rel}","templated":true}]}}