{"id":83,"date":"2017-05-23T19:13:58","date_gmt":"2017-05-23T17:13:58","guid":{"rendered":"https:\/\/krkavolley.si\/site\/?page_id=83"},"modified":"2017-06-01T21:50:43","modified_gmt":"2017-06-01T19:50:43","slug":"odbojka-na-mivki","status":"publish","type":"page","link":"https:\/\/krkavolley.si\/site\/odbojka\/odbojka-na-mivki\/","title":{"rendered":"Odbojka na mivki"},"content":{"rendered":"<p>Odbojka na mivki se je razvila iz dvoranske odbojke, ki jo je leta 1895 William G. Morgan, ameri\u0161ki in\u0161truktor zme\u0161al iz elementov ko\u0161arke, tenisa in rokometa. \u017delel je narediti igro z manj fizi\u010dnega stika kot je pri ko\u0161arki. Na za\u010detku se je nova igra imenovala \u00bbmintonette\u00ab, vendar se je kmalu preimenovala v volleyball (volley-udarec). Morgan je teni\u0161ko mre\u017eo dvignil nad povpre\u010dno vi\u0161ino mo\u0161kih.<\/p>\n<figure id=\"attachment_5322\" aria-describedby=\"caption-attachment-5322\" style=\"width: 800px\" class=\"wp-caption aligncenter\"><img loading=\"lazy\" decoding=\"async\" class=\"size-full wp-image-5322\" src=\"https:\/\/krkavolley.si\/site\/wp-content\/uploads\/2017\/05\/LJ_Challenge_Day1-91.jpg\" alt=\"\" width=\"800\" height=\"533\" srcset=\"https:\/\/krkavolley.si\/site\/wp-content\/uploads\/2017\/05\/LJ_Challenge_Day1-91.jpg 800w, https:\/\/krkavolley.si\/site\/wp-content\/uploads\/2017\/05\/LJ_Challenge_Day1-91-300x200.jpg 300w, https:\/\/krkavolley.si\/site\/wp-content\/uploads\/2017\/05\/LJ_Challenge_Day1-91-768x512.jpg 768w\" sizes=\"auto, (max-width: 800px) 100vw, 800px\" \/><figcaption id=\"caption-attachment-5322\" class=\"wp-caption-text\">(foto: www.maticerzen.si)<\/figcaption><\/figure>\n<p>V 20. letih 19. stoletja kro\u017eijo nepotrjene govorice, da so ekipe igrale na obalah Havajev, ampak ve\u010dina trdi, da prihajajo korenine igre iz Santa Monike v Kaliforniji, kjer so postavili prva igri\u0161\u010da za odbojko na mivki na pla\u017ei. Dru\u017eine so si kraj\u0161ale dneve na pla\u017eah z igro 6 na 6.<\/p>\n<p>Leta 1927 odbojka na mivki pre\u010dka Atlantik in postane primaren \u0161port v nudisti\u010dnem kampu v Franciji v Franconville, predmestju Pariza.<\/p>\n<p>V 30ih letih je bila odigrana prva tekma mo\u0161kih parov v odbojki na mivki v Santa Moniki, v Kaliforniji. Odbojka na mivki se je raz\u0161irila po Franciji, v Bolgarijo, \u010ce\u0161koslova\u0161ko in Latvijo. V Ameriki so jo ljudje igrali, da so se malo razbremenili v odbobju \u00bbdepresije\u00ab. Igrali so 4 na 4 ali 3 na 3.<\/p>\n<figure id=\"attachment_5324\" aria-describedby=\"caption-attachment-5324\" style=\"width: 800px\" class=\"wp-caption aligncenter\"><img loading=\"lazy\" decoding=\"async\" class=\"size-full wp-image-5324\" src=\"https:\/\/krkavolley.si\/site\/wp-content\/uploads\/2017\/05\/ME_P9360.jpg\" alt=\"\" width=\"800\" height=\"533\" srcset=\"https:\/\/krkavolley.si\/site\/wp-content\/uploads\/2017\/05\/ME_P9360.jpg 800w, https:\/\/krkavolley.si\/site\/wp-content\/uploads\/2017\/05\/ME_P9360-300x200.jpg 300w, https:\/\/krkavolley.si\/site\/wp-content\/uploads\/2017\/05\/ME_P9360-768x512.jpg 768w\" sizes=\"auto, (max-width: 800px) 100vw, 800px\" \/><figcaption id=\"caption-attachment-5324\" class=\"wp-caption-text\">(foto: www.maticerzen.si)<\/figcaption><\/figure>\n<p>Leta 1947 je bil v Santa Moniki prvi uradni turnir v mo\u0161kih dvojicah. Potem se je \u0161tevilo turnirjev in razli\u010dnih pla\u017e, na katerih so tekmovali, samo \u0161e pove\u010devalo. Turnir v odbojki na mivki je bil zanimiva stvar, ki jo je vedno spremljalo \u0161e lepotno tekmovanje. Zaradi tak\u0161nih in druga\u010dnih spremljevalnih to\u010dk je kmalu postal bolj \u0161ov kot \u0161port. \u0160port je po\u010dasi, a zanesljivo dobival sponzorje in tako so igralci za nagrade dobili visoke zneske.<\/p>\n<p>Na olimpijskih igrah v Barceloni leta 1992 je bila odbojka na mivki poskusno na programu. Mednarodni olimpijski komite se je potem odlo\u010dil in jo uvrstil na koledar poletnih olimpijskih iger. V Atlanti leta 1996 se je za olimpijska odli\u010dja potegovalo 24 mo\u0161kih in 16 \u017eenskih parov.<\/p>\n","protected":false},"excerpt":{"rendered":"<p>Odbojka na mivki se je razvila iz dvoranske odbojke, ki jo je leta 1895 William G. Morgan, ameri\u0161ki in\u0161truktor zme\u0161al iz elementov ko\u0161arke, tenisa in rokometa. \u017delel je narediti igro&hellip; <\/p>\n<p class=\"chuchadon-read-more\"><a href=\"https:\/\/krkavolley.si\/site\/odbojka\/odbojka-na-mivki\/\" class=\"more-link\">Beri dalje&#8230;<\/a><\/p>\n","protected":false},"author":1,"featured_media":0,"parent":81,"menu_order":0,"comment_status":"closed","ping_status":"closed","template":"pages\/single.php","meta":{"footnotes":""},"class_list":["post-83","page","type-page","status-publish","entry"],"yoast_head":"<!-- This site is optimized with the Yoast SEO plugin v26.6 - https:\/\/yoast.com\/wordpress\/plugins\/seo\/ -->\n<title>Odbojka na mivki - Mo\u0161ki odbojkarski klub Krka<\/title>\n<meta name=\"robots\" content=\"index, follow, max-snippet:-1, max-image-preview:large, max-video-preview:-1\" \/>\n<link rel=\"canonical\" href=\"https:\/\/krkavolley.si\/site\/odbojka\/odbojka-na-mivki\/\" \/>\n<meta property=\"og:locale\" content=\"sl_SI\" \/>\n<meta property=\"og:type\" content=\"article\" \/>\n<meta property=\"og:title\" content=\"Odbojka na mivki - Mo\u0161ki odbojkarski klub Krka\" \/>\n<meta property=\"og:description\" content=\"Odbojka na mivki se je razvila iz dvoranske odbojke, ki jo je leta 1895 William G. Morgan, ameri\u0161ki in\u0161truktor zme\u0161al iz elementov ko\u0161arke, tenisa in rokometa. \u017delel je narediti igro&hellip; Beri dalje...\" \/>\n<meta property=\"og:url\" content=\"https:\/\/krkavolley.si\/site\/odbojka\/odbojka-na-mivki\/\" \/>\n<meta property=\"og:site_name\" content=\"Mo\u0161ki odbojkarski klub Krka\" \/>\n<meta property=\"article:publisher\" content=\"https:\/\/www.facebook.com\/krkavolley\/\" \/>\n<meta property=\"article:modified_time\" content=\"2017-06-01T19:50:43+00:00\" \/>\n<meta property=\"og:image\" content=\"https:\/\/krkavolley.si\/site\/wp-content\/uploads\/2017\/05\/LJ_Challenge_Day1-91.jpg\" \/>\n\t<meta property=\"og:image:width\" content=\"800\" \/>\n\t<meta property=\"og:image:height\" content=\"533\" \/>\n\t<meta property=\"og:image:type\" content=\"image\/jpeg\" \/>\n<meta name=\"twitter:card\" content=\"summary_large_image\" \/>\n<meta name=\"twitter:label1\" content=\"Est. reading time\" \/>\n\t<meta name=\"twitter:data1\" content=\"2 minuti\" \/>\n<script type=\"application\/ld+json\" class=\"yoast-schema-graph\">{\"@context\":\"https:\/\/schema.org\",\"@graph\":[{\"@type\":\"WebPage\",\"@id\":\"https:\/\/krkavolley.si\/site\/odbojka\/odbojka-na-mivki\/\",\"url\":\"https:\/\/krkavolley.si\/site\/odbojka\/odbojka-na-mivki\/\",\"name\":\"Odbojka na mivki - Mo\u0161ki odbojkarski klub Krka\",\"isPartOf\":{\"@id\":\"https:\/\/krkavolley.si\/site\/#website\"},\"primaryImageOfPage\":{\"@id\":\"https:\/\/krkavolley.si\/site\/odbojka\/odbojka-na-mivki\/#primaryimage\"},\"image\":{\"@id\":\"https:\/\/krkavolley.si\/site\/odbojka\/odbojka-na-mivki\/#primaryimage\"},\"thumbnailUrl\":\"https:\/\/krkavolley.si\/site\/wp-content\/uploads\/2017\/05\/LJ_Challenge_Day1-91.jpg\",\"datePublished\":\"2017-05-23T17:13:58+00:00\",\"dateModified\":\"2017-06-01T19:50:43+00:00\",\"breadcrumb\":{\"@id\":\"https:\/\/krkavolley.si\/site\/odbojka\/odbojka-na-mivki\/#breadcrumb\"},\"inLanguage\":\"sl-SI\",\"potentialAction\":[{\"@type\":\"ReadAction\",\"target\":[\"https:\/\/krkavolley.si\/site\/odbojka\/odbojka-na-mivki\/\"]}]},{\"@type\":\"ImageObject\",\"inLanguage\":\"sl-SI\",\"@id\":\"https:\/\/krkavolley.si\/site\/odbojka\/odbojka-na-mivki\/#primaryimage\",\"url\":\"https:\/\/krkavolley.si\/site\/wp-content\/uploads\/2017\/05\/LJ_Challenge_Day1-91.jpg\",\"contentUrl\":\"https:\/\/krkavolley.si\/site\/wp-content\/uploads\/2017\/05\/LJ_Challenge_Day1-91.jpg\",\"width\":800,\"height\":533,\"caption\":\"(foto: www.maticerzen.si)\"},{\"@type\":\"BreadcrumbList\",\"@id\":\"https:\/\/krkavolley.si\/site\/odbojka\/odbojka-na-mivki\/#breadcrumb\",\"itemListElement\":[{\"@type\":\"ListItem\",\"position\":1,\"name\":\"Home\",\"item\":\"https:\/\/krkavolley.si\/site\/\"},{\"@type\":\"ListItem\",\"position\":2,\"name\":\"Odbojka\",\"item\":\"https:\/\/krkavolley.si\/site\/odbojka\/\"},{\"@type\":\"ListItem\",\"position\":3,\"name\":\"Odbojka na mivki\"}]},{\"@type\":\"WebSite\",\"@id\":\"https:\/\/krkavolley.si\/site\/#website\",\"url\":\"https:\/\/krkavolley.si\/site\/\",\"name\":\"Mo\u0161ki odbojkarski klub Krka\",\"description\":\"Novo mesto\",\"publisher\":{\"@id\":\"https:\/\/krkavolley.si\/site\/#organization\"},\"potentialAction\":[{\"@type\":\"SearchAction\",\"target\":{\"@type\":\"EntryPoint\",\"urlTemplate\":\"https:\/\/krkavolley.si\/site\/?s={search_term_string}\"},\"query-input\":{\"@type\":\"PropertyValueSpecification\",\"valueRequired\":true,\"valueName\":\"search_term_string\"}}],\"inLanguage\":\"sl-SI\"},{\"@type\":\"Organization\",\"@id\":\"https:\/\/krkavolley.si\/site\/#organization\",\"name\":\"Mo\u0161ki odbojkarski klub Krka\",\"url\":\"https:\/\/krkavolley.si\/site\/\",\"logo\":{\"@type\":\"ImageObject\",\"inLanguage\":\"sl-SI\",\"@id\":\"https:\/\/krkavolley.si\/site\/#\/schema\/logo\/image\/\",\"url\":\"https:\/\/krkavolley.si\/site\/wp-content\/uploads\/2017\/03\/mok_krka_squared.jpg\",\"contentUrl\":\"https:\/\/krkavolley.si\/site\/wp-content\/uploads\/2017\/03\/mok_krka_squared.jpg\",\"width\":500,\"height\":500,\"caption\":\"Mo\u0161ki odbojkarski klub Krka\"},\"image\":{\"@id\":\"https:\/\/krkavolley.si\/site\/#\/schema\/logo\/image\/\"},\"sameAs\":[\"https:\/\/www.facebook.com\/krkavolley\/\",\"https:\/\/www.youtube.com\/channel\/UC-9mw6XzAdOheQVW-nJxBDg\"]}]}<\/script>\n<!-- \/ Yoast SEO plugin. -->","yoast_head_json":{"title":"Odbojka na mivki - Mo\u0161ki odbojkarski klub Krka","robots":{"index":"index","follow":"follow","max-snippet":"max-snippet:-1","max-image-preview":"max-image-preview:large","max-video-preview":"max-video-preview:-1"},"canonical":"https:\/\/krkavolley.si\/site\/odbojka\/odbojka-na-mivki\/","og_locale":"sl_SI","og_type":"article","og_title":"Odbojka na mivki - Mo\u0161ki odbojkarski klub Krka","og_description":"Odbojka na mivki se je razvila iz dvoranske odbojke, ki jo je leta 1895 William G. Morgan, ameri\u0161ki in\u0161truktor zme\u0161al iz elementov ko\u0161arke, tenisa in rokometa. \u017delel je narediti igro&hellip; Beri dalje...","og_url":"https:\/\/krkavolley.si\/site\/odbojka\/odbojka-na-mivki\/","og_site_name":"Mo\u0161ki odbojkarski klub Krka","article_publisher":"https:\/\/www.facebook.com\/krkavolley\/","article_modified_time":"2017-06-01T19:50:43+00:00","og_image":[{"width":800,"height":533,"url":"https:\/\/krkavolley.si\/site\/wp-content\/uploads\/2017\/05\/LJ_Challenge_Day1-91.jpg","type":"image\/jpeg"}],"twitter_card":"summary_large_image","twitter_misc":{"Est. reading time":"2 minuti"},"schema":{"@context":"https:\/\/schema.org","@graph":[{"@type":"WebPage","@id":"https:\/\/krkavolley.si\/site\/odbojka\/odbojka-na-mivki\/","url":"https:\/\/krkavolley.si\/site\/odbojka\/odbojka-na-mivki\/","name":"Odbojka na mivki - Mo\u0161ki odbojkarski klub Krka","isPartOf":{"@id":"https:\/\/krkavolley.si\/site\/#website"},"primaryImageOfPage":{"@id":"https:\/\/krkavolley.si\/site\/odbojka\/odbojka-na-mivki\/#primaryimage"},"image":{"@id":"https:\/\/krkavolley.si\/site\/odbojka\/odbojka-na-mivki\/#primaryimage"},"thumbnailUrl":"https:\/\/krkavolley.si\/site\/wp-content\/uploads\/2017\/05\/LJ_Challenge_Day1-91.jpg","datePublished":"2017-05-23T17:13:58+00:00","dateModified":"2017-06-01T19:50:43+00:00","breadcrumb":{"@id":"https:\/\/krkavolley.si\/site\/odbojka\/odbojka-na-mivki\/#breadcrumb"},"inLanguage":"sl-SI","potentialAction":[{"@type":"ReadAction","target":["https:\/\/krkavolley.si\/site\/odbojka\/odbojka-na-mivki\/"]}]},{"@type":"ImageObject","inLanguage":"sl-SI","@id":"https:\/\/krkavolley.si\/site\/odbojka\/odbojka-na-mivki\/#primaryimage","url":"https:\/\/krkavolley.si\/site\/wp-content\/uploads\/2017\/05\/LJ_Challenge_Day1-91.jpg","contentUrl":"https:\/\/krkavolley.si\/site\/wp-content\/uploads\/2017\/05\/LJ_Challenge_Day1-91.jpg","width":800,"height":533,"caption":"(foto: www.maticerzen.si)"},{"@type":"BreadcrumbList","@id":"https:\/\/krkavolley.si\/site\/odbojka\/odbojka-na-mivki\/#breadcrumb","itemListElement":[{"@type":"ListItem","position":1,"name":"Home","item":"https:\/\/krkavolley.si\/site\/"},{"@type":"ListItem","position":2,"name":"Odbojka","item":"https:\/\/krkavolley.si\/site\/odbojka\/"},{"@type":"ListItem","position":3,"name":"Odbojka na mivki"}]},{"@type":"WebSite","@id":"https:\/\/krkavolley.si\/site\/#website","url":"https:\/\/krkavolley.si\/site\/","name":"Mo\u0161ki odbojkarski klub Krka","description":"Novo mesto","publisher":{"@id":"https:\/\/krkavolley.si\/site\/#organization"},"potentialAction":[{"@type":"SearchAction","target":{"@type":"EntryPoint","urlTemplate":"https:\/\/krkavolley.si\/site\/?s={search_term_string}"},"query-input":{"@type":"PropertyValueSpecification","valueRequired":true,"valueName":"search_term_string"}}],"inLanguage":"sl-SI"},{"@type":"Organization","@id":"https:\/\/krkavolley.si\/site\/#organization","name":"Mo\u0161ki odbojkarski klub Krka","url":"https:\/\/krkavolley.si\/site\/","logo":{"@type":"ImageObject","inLanguage":"sl-SI","@id":"https:\/\/krkavolley.si\/site\/#\/schema\/logo\/image\/","url":"https:\/\/krkavolley.si\/site\/wp-content\/uploads\/2017\/03\/mok_krka_squared.jpg","contentUrl":"https:\/\/krkavolley.si\/site\/wp-content\/uploads\/2017\/03\/mok_krka_squared.jpg","width":500,"height":500,"caption":"Mo\u0161ki odbojkarski klub Krka"},"image":{"@id":"https:\/\/krkavolley.si\/site\/#\/schema\/logo\/image\/"},"sameAs":["https:\/\/www.facebook.com\/krkavolley\/","https:\/\/www.youtube.com\/channel\/UC-9mw6XzAdOheQVW-nJxBDg"]}]}},"_links":{"self":[{"href":"https:\/\/krkavolley.si\/site\/wp-json\/wp\/v2\/pages\/83","targetHints":{"allow":["GET"]}}],"collection":[{"href":"https:\/\/krkavolley.si\/site\/wp-json\/wp\/v2\/pages"}],"about":[{"href":"https:\/\/krkavolley.si\/site\/wp-json\/wp\/v2\/types\/page"}],"author":[{"embeddable":true,"href":"https:\/\/krkavolley.si\/site\/wp-json\/wp\/v2\/users\/1"}],"replies":[{"embeddable":true,"href":"https:\/\/krkavolley.si\/site\/wp-json\/wp\/v2\/comments?post=83"}],"version-history":[{"count":3,"href":"https:\/\/krkavolley.si\/site\/wp-json\/wp\/v2\/pages\/83\/revisions"}],"predecessor-version":[{"id":5325,"href":"https:\/\/krkavolley.si\/site\/wp-json\/wp\/v2\/pages\/83\/revisions\/5325"}],"up":[{"embeddable":true,"href":"https:\/\/krkavolley.si\/site\/wp-json\/wp\/v2\/pages\/81"}],"wp:attachment":[{"href":"https:\/\/krkavolley.si\/site\/wp-json\/wp\/v2\/media?parent=83"}],"curies":[{"name":"wp","href":"https:\/\/api.w.org\/{rel}","templated":true}]}}