{"id":86,"date":"2017-05-23T19:15:44","date_gmt":"2017-05-23T17:15:44","guid":{"rendered":"https:\/\/krkavolley.si\/site\/?page_id=86"},"modified":"2017-08-31T09:03:13","modified_gmt":"2017-08-31T07:03:13","slug":"clani-201718","status":"publish","type":"page","link":"https:\/\/krkavolley.si\/site\/ekipe\/clani-201718\/","title":{"rendered":"\u010clani 2017\/18"},"content":{"rendered":"<h2>Igralci<\/h2>\n<div class=\"narrow_visible\">\n<ul>\n<li><strong>2<\/strong> O\u017ebalt Gregor<\/li>\n<li><strong>3<\/strong> Erpi\u010d Grega<\/li>\n<li><strong>4<\/strong> Ivan Vrhov\u0161ek<\/li>\n<li><strong>5<\/strong> Kosmina Martin<\/li>\n<li><strong>8<\/strong> Erpi\u010d Uro\u0161<\/li>\n<li><strong>11<\/strong> Pucelj Ga\u0161per<\/li>\n<li><strong>12<\/strong> Bregar Miha<\/li>\n<li><strong>15<\/strong> Klob\u010dar Ga\u0161per<\/li>\n<li><strong>16<\/strong> Renko David<\/li>\n<li><strong>17<\/strong> Turk Valentin<\/li>\n<li><strong>#<\/strong> Borin An\u017ee<\/li>\n<li><strong>#<\/strong> Dimi\u010d Rok<\/li>\n<li><strong>#<\/strong> Kafol Aljo\u0161a<\/li>\n<li><strong>#<\/strong> Lindi\u010d Luka<\/li>\n<li><strong>trener: <\/strong> \u010casar Jo\u017ee<\/li>\n<li><strong>kond. trener:<\/strong> Cani\u0107 Gorazd<\/li>\n<\/ul>\n<\/div>\n<div class=\"wide_visible\">\n<table style=\"white-space: nowrap; padding-left: 2px;\">\n<tbody>\n<tr>\n<td><strong>\u00a0#\u00a0<\/strong><\/td>\n<td><strong>Priimek in ime<\/strong><\/td>\n<td><strong>Igralno mesto<\/strong><\/td>\n<td><strong>Starost<\/strong><\/td>\n<td><strong>Vi\u0161ina<\/strong><\/td>\n<\/tr>\n<tr>\n<td>2<\/td>\n<td>O\u017ebalt Grega<\/td>\n<td>libero<\/td>\n<td>25<\/td>\n<td>187,5<\/td>\n<\/tr>\n<tr>\n<td>3<\/td>\n<td>Erpi\u010d Grega<\/td>\n<td>bloker<\/td>\n<td>26<\/td>\n<td>194,5<\/td>\n<\/tr>\n<tr>\n<td>4<\/td>\n<td>Vrhov\u0161ek Ivan<\/td>\n<td>sprejemalec<\/td>\n<td>20<\/td>\n<td>200<\/td>\n<\/tr>\n<tr>\n<td>5<\/td>\n<td>Kosmina Martin<\/td>\n<td>sprejemalec<\/td>\n<td>26<\/td>\n<td>191,5<\/td>\n<\/tr>\n<tr>\n<td>8<\/td>\n<td>Erpi\u010d Uro\u0161<\/td>\n<td>bloker<\/td>\n<td>21<\/td>\n<td>195<\/td>\n<\/tr>\n<tr>\n<td>11<\/td>\n<td>Pucelj Ga\u0161per<\/td>\n<td>podajalec<\/td>\n<td>23<\/td>\n<td>184<\/td>\n<\/tr>\n<tr>\n<td>12<\/td>\n<td>Bregar Miha<\/td>\n<td>bloker<\/td>\n<td>24<\/td>\n<td>200<\/td>\n<\/tr>\n<tr>\n<td>15<\/td>\n<td>Klob\u010dar Ga\u0161per<\/td>\n<td>podajalec<\/td>\n<td>19<\/td>\n<td>188<\/td>\n<\/tr>\n<tr>\n<td>16<\/td>\n<td>David Renko<\/td>\n<td>sprejemalec<\/td>\n<td>21<\/td>\n<td>186<\/td>\n<\/tr>\n<tr>\n<td>17<\/td>\n<td>Turk Valentin<\/td>\n<td>korektor<\/td>\n<td>24<\/td>\n<td>195<\/td>\n<\/tr>\n<tr>\n<td><\/td>\n<td>Lindi\u010d Luka<\/td>\n<td>bloker<\/td>\n<td>19<\/td>\n<td>200<\/td>\n<\/tr>\n<tr>\n<td><\/td>\n<td>Borin An\u017ee<\/td>\n<td>univerzalec<\/td>\n<td>18<\/td>\n<td>179<\/td>\n<\/tr>\n<tr>\n<td><\/td>\n<td>Dimi\u010d Rok<\/td>\n<td>bloker<\/td>\n<td>19<\/td>\n<td>196<\/td>\n<\/tr>\n<tr>\n<td><\/td>\n<td>Kafol Aljo\u0161a<\/td>\n<td>podajalec<\/td>\n<td>17<\/td>\n<td>185<\/td>\n<\/tr>\n<tr>\n<td><\/td>\n<td><\/td>\n<td><\/td>\n<td><\/td>\n<td><\/td>\n<\/tr>\n<tr>\n<td><\/td>\n<td><strong>Jo\u017ee \u010casar<\/strong><\/td>\n<td>trener<\/td>\n<td><\/td>\n<td><\/td>\n<\/tr>\n<tr>\n<td><\/td>\n<td><strong>Gorazd Cani\u0107<\/strong><\/td>\n<td>kondicijski trener<\/td>\n<td><\/td>\n<td><\/td>\n<\/tr>\n<\/tbody>\n<\/table>\n<\/div>\n<h2>Urnik treningov<\/h2>\n<table style=\"padding-left: 2px;\">\n<tbody>\n<tr>\n<td><\/td>\n<td><strong>\u010das<\/strong><\/td>\n<td><strong>dvorana<\/strong><\/td>\n<td><strong>trener<\/strong><\/td>\n<\/tr>\n<tr>\n<td>ponedeljek<\/td>\n<td>18:30 &#8211; 21:00<\/td>\n<td>\u0160mihel<\/td>\n<td>\u010casar, Cani\u0107<\/td>\n<\/tr>\n<tr>\n<td>torek<\/td>\n<td>18:45 &#8211; 20:30<\/td>\n<td>Marof<\/td>\n<td>\u010casar<\/td>\n<\/tr>\n<tr>\n<td>sreda<\/td>\n<td>20:15 &#8211; 22:00<\/td>\n<td>Marof<\/td>\n<td>\u010casar<\/td>\n<\/tr>\n<tr>\n<td>\u010detrtek<\/td>\n<td>19:15 &#8211; 22:00<\/td>\n<td>Marof<\/td>\n<td>\u010casar, Cani\u0107<\/td>\n<\/tr>\n<tr>\n<td>petek<\/td>\n<td>20:30 &#8211; 22:00<\/td>\n<td>Marof<\/td>\n<td>\u010casar<\/td>\n<\/tr>\n<\/tbody>\n<\/table>\n","protected":false},"excerpt":{"rendered":"<p>Igralci 2 O\u017ebalt Gregor 3 Erpi\u010d Grega 4 Ivan Vrhov\u0161ek 5 Kosmina Martin 8 Erpi\u010d Uro\u0161 11 Pucelj Ga\u0161per 12 Bregar Miha 15 Klob\u010dar Ga\u0161per 16 Renko David 17 Turk&hellip; <\/p>\n<p class=\"chuchadon-read-more\"><a href=\"https:\/\/krkavolley.si\/site\/ekipe\/clani-201718\/\" class=\"more-link\">Beri dalje&#8230;<\/a><\/p>\n","protected":false},"author":1,"featured_media":0,"parent":24,"menu_order":0,"comment_status":"closed","ping_status":"closed","template":"pages\/single.php","meta":{"footnotes":""},"class_list":["post-86","page","type-page","status-publish","entry"],"yoast_head":"<!-- This site is optimized with the Yoast SEO plugin v26.6 - https:\/\/yoast.com\/wordpress\/plugins\/seo\/ -->\n<title>\u010clani 2017\/18 - Mo\u0161ki odbojkarski klub Krka<\/title>\n<meta name=\"robots\" content=\"index, follow, max-snippet:-1, max-image-preview:large, max-video-preview:-1\" \/>\n<link rel=\"canonical\" href=\"https:\/\/krkavolley.si\/site\/ekipe\/clani-201718\/\" \/>\n<meta property=\"og:locale\" content=\"sl_SI\" \/>\n<meta property=\"og:type\" content=\"article\" \/>\n<meta property=\"og:title\" content=\"\u010clani 2017\/18 - Mo\u0161ki odbojkarski klub Krka\" \/>\n<meta property=\"og:description\" content=\"Igralci 2 O\u017ebalt Gregor 3 Erpi\u010d Grega 4 Ivan Vrhov\u0161ek 5 Kosmina Martin 8 Erpi\u010d Uro\u0161 11 Pucelj Ga\u0161per 12 Bregar Miha 15 Klob\u010dar Ga\u0161per 16 Renko David 17 Turk&hellip; Beri dalje...\" \/>\n<meta property=\"og:url\" content=\"https:\/\/krkavolley.si\/site\/ekipe\/clani-201718\/\" \/>\n<meta property=\"og:site_name\" content=\"Mo\u0161ki odbojkarski klub Krka\" \/>\n<meta property=\"article:publisher\" content=\"https:\/\/www.facebook.com\/krkavolley\/\" \/>\n<meta property=\"article:modified_time\" content=\"2017-08-31T07:03:13+00:00\" \/>\n<meta name=\"twitter:card\" content=\"summary_large_image\" \/>\n<meta name=\"twitter:label1\" content=\"Est. reading time\" \/>\n\t<meta name=\"twitter:data1\" content=\"1 minuta\" \/>\n<script type=\"application\/ld+json\" class=\"yoast-schema-graph\">{\"@context\":\"https:\/\/schema.org\",\"@graph\":[{\"@type\":\"WebPage\",\"@id\":\"https:\/\/krkavolley.si\/site\/ekipe\/clani-201718\/\",\"url\":\"https:\/\/krkavolley.si\/site\/ekipe\/clani-201718\/\",\"name\":\"\u010clani 2017\/18 - Mo\u0161ki odbojkarski klub Krka\",\"isPartOf\":{\"@id\":\"https:\/\/krkavolley.si\/site\/#website\"},\"datePublished\":\"2017-05-23T17:15:44+00:00\",\"dateModified\":\"2017-08-31T07:03:13+00:00\",\"breadcrumb\":{\"@id\":\"https:\/\/krkavolley.si\/site\/ekipe\/clani-201718\/#breadcrumb\"},\"inLanguage\":\"sl-SI\",\"potentialAction\":[{\"@type\":\"ReadAction\",\"target\":[\"https:\/\/krkavolley.si\/site\/ekipe\/clani-201718\/\"]}]},{\"@type\":\"BreadcrumbList\",\"@id\":\"https:\/\/krkavolley.si\/site\/ekipe\/clani-201718\/#breadcrumb\",\"itemListElement\":[{\"@type\":\"ListItem\",\"position\":1,\"name\":\"Home\",\"item\":\"https:\/\/krkavolley.si\/site\/\"},{\"@type\":\"ListItem\",\"position\":2,\"name\":\"Ekipe\",\"item\":\"https:\/\/krkavolley.si\/site\/ekipe\/\"},{\"@type\":\"ListItem\",\"position\":3,\"name\":\"\u010clani 2017\/18\"}]},{\"@type\":\"WebSite\",\"@id\":\"https:\/\/krkavolley.si\/site\/#website\",\"url\":\"https:\/\/krkavolley.si\/site\/\",\"name\":\"Mo\u0161ki odbojkarski klub Krka\",\"description\":\"Novo mesto\",\"publisher\":{\"@id\":\"https:\/\/krkavolley.si\/site\/#organization\"},\"potentialAction\":[{\"@type\":\"SearchAction\",\"target\":{\"@type\":\"EntryPoint\",\"urlTemplate\":\"https:\/\/krkavolley.si\/site\/?s={search_term_string}\"},\"query-input\":{\"@type\":\"PropertyValueSpecification\",\"valueRequired\":true,\"valueName\":\"search_term_string\"}}],\"inLanguage\":\"sl-SI\"},{\"@type\":\"Organization\",\"@id\":\"https:\/\/krkavolley.si\/site\/#organization\",\"name\":\"Mo\u0161ki odbojkarski klub Krka\",\"url\":\"https:\/\/krkavolley.si\/site\/\",\"logo\":{\"@type\":\"ImageObject\",\"inLanguage\":\"sl-SI\",\"@id\":\"https:\/\/krkavolley.si\/site\/#\/schema\/logo\/image\/\",\"url\":\"https:\/\/krkavolley.si\/site\/wp-content\/uploads\/2017\/03\/mok_krka_squared.jpg\",\"contentUrl\":\"https:\/\/krkavolley.si\/site\/wp-content\/uploads\/2017\/03\/mok_krka_squared.jpg\",\"width\":500,\"height\":500,\"caption\":\"Mo\u0161ki odbojkarski klub Krka\"},\"image\":{\"@id\":\"https:\/\/krkavolley.si\/site\/#\/schema\/logo\/image\/\"},\"sameAs\":[\"https:\/\/www.facebook.com\/krkavolley\/\",\"https:\/\/www.youtube.com\/channel\/UC-9mw6XzAdOheQVW-nJxBDg\"]}]}<\/script>\n<!-- \/ Yoast SEO plugin. -->","yoast_head_json":{"title":"\u010clani 2017\/18 - Mo\u0161ki odbojkarski klub Krka","robots":{"index":"index","follow":"follow","max-snippet":"max-snippet:-1","max-image-preview":"max-image-preview:large","max-video-preview":"max-video-preview:-1"},"canonical":"https:\/\/krkavolley.si\/site\/ekipe\/clani-201718\/","og_locale":"sl_SI","og_type":"article","og_title":"\u010clani 2017\/18 - Mo\u0161ki odbojkarski klub Krka","og_description":"Igralci 2 O\u017ebalt Gregor 3 Erpi\u010d Grega 4 Ivan Vrhov\u0161ek 5 Kosmina Martin 8 Erpi\u010d Uro\u0161 11 Pucelj Ga\u0161per 12 Bregar Miha 15 Klob\u010dar Ga\u0161per 16 Renko David 17 Turk&hellip; Beri dalje...","og_url":"https:\/\/krkavolley.si\/site\/ekipe\/clani-201718\/","og_site_name":"Mo\u0161ki odbojkarski klub Krka","article_publisher":"https:\/\/www.facebook.com\/krkavolley\/","article_modified_time":"2017-08-31T07:03:13+00:00","twitter_card":"summary_large_image","twitter_misc":{"Est. reading time":"1 minuta"},"schema":{"@context":"https:\/\/schema.org","@graph":[{"@type":"WebPage","@id":"https:\/\/krkavolley.si\/site\/ekipe\/clani-201718\/","url":"https:\/\/krkavolley.si\/site\/ekipe\/clani-201718\/","name":"\u010clani 2017\/18 - Mo\u0161ki odbojkarski klub Krka","isPartOf":{"@id":"https:\/\/krkavolley.si\/site\/#website"},"datePublished":"2017-05-23T17:15:44+00:00","dateModified":"2017-08-31T07:03:13+00:00","breadcrumb":{"@id":"https:\/\/krkavolley.si\/site\/ekipe\/clani-201718\/#breadcrumb"},"inLanguage":"sl-SI","potentialAction":[{"@type":"ReadAction","target":["https:\/\/krkavolley.si\/site\/ekipe\/clani-201718\/"]}]},{"@type":"BreadcrumbList","@id":"https:\/\/krkavolley.si\/site\/ekipe\/clani-201718\/#breadcrumb","itemListElement":[{"@type":"ListItem","position":1,"name":"Home","item":"https:\/\/krkavolley.si\/site\/"},{"@type":"ListItem","position":2,"name":"Ekipe","item":"https:\/\/krkavolley.si\/site\/ekipe\/"},{"@type":"ListItem","position":3,"name":"\u010clani 2017\/18"}]},{"@type":"WebSite","@id":"https:\/\/krkavolley.si\/site\/#website","url":"https:\/\/krkavolley.si\/site\/","name":"Mo\u0161ki odbojkarski klub Krka","description":"Novo mesto","publisher":{"@id":"https:\/\/krkavolley.si\/site\/#organization"},"potentialAction":[{"@type":"SearchAction","target":{"@type":"EntryPoint","urlTemplate":"https:\/\/krkavolley.si\/site\/?s={search_term_string}"},"query-input":{"@type":"PropertyValueSpecification","valueRequired":true,"valueName":"search_term_string"}}],"inLanguage":"sl-SI"},{"@type":"Organization","@id":"https:\/\/krkavolley.si\/site\/#organization","name":"Mo\u0161ki odbojkarski klub Krka","url":"https:\/\/krkavolley.si\/site\/","logo":{"@type":"ImageObject","inLanguage":"sl-SI","@id":"https:\/\/krkavolley.si\/site\/#\/schema\/logo\/image\/","url":"https:\/\/krkavolley.si\/site\/wp-content\/uploads\/2017\/03\/mok_krka_squared.jpg","contentUrl":"https:\/\/krkavolley.si\/site\/wp-content\/uploads\/2017\/03\/mok_krka_squared.jpg","width":500,"height":500,"caption":"Mo\u0161ki odbojkarski klub Krka"},"image":{"@id":"https:\/\/krkavolley.si\/site\/#\/schema\/logo\/image\/"},"sameAs":["https:\/\/www.facebook.com\/krkavolley\/","https:\/\/www.youtube.com\/channel\/UC-9mw6XzAdOheQVW-nJxBDg"]}]}},"_links":{"self":[{"href":"https:\/\/krkavolley.si\/site\/wp-json\/wp\/v2\/pages\/86","targetHints":{"allow":["GET"]}}],"collection":[{"href":"https:\/\/krkavolley.si\/site\/wp-json\/wp\/v2\/pages"}],"about":[{"href":"https:\/\/krkavolley.si\/site\/wp-json\/wp\/v2\/types\/page"}],"author":[{"embeddable":true,"href":"https:\/\/krkavolley.si\/site\/wp-json\/wp\/v2\/users\/1"}],"replies":[{"embeddable":true,"href":"https:\/\/krkavolley.si\/site\/wp-json\/wp\/v2\/comments?post=86"}],"version-history":[{"count":15,"href":"https:\/\/krkavolley.si\/site\/wp-json\/wp\/v2\/pages\/86\/revisions"}],"predecessor-version":[{"id":5428,"href":"https:\/\/krkavolley.si\/site\/wp-json\/wp\/v2\/pages\/86\/revisions\/5428"}],"up":[{"embeddable":true,"href":"https:\/\/krkavolley.si\/site\/wp-json\/wp\/v2\/pages\/24"}],"wp:attachment":[{"href":"https:\/\/krkavolley.si\/site\/wp-json\/wp\/v2\/media?parent=86"}],"curies":[{"name":"wp","href":"https:\/\/api.w.org\/{rel}","templated":true}]}}